{"id":735,"date":"2024-05-27T07:18:01","date_gmt":"2024-05-27T07:18:01","guid":{"rendered":"https:\/\/onemd.ro\/?page_id=735"},"modified":"2025-08-29T10:03:15","modified_gmt":"2025-08-29T10:03:15","slug":"make-prem","status":"publish","type":"page","link":"https:\/\/onemd.ro\/ko\/make-prem\/","title":{"rendered":"P:rem \ub9cc\ub4e4\uae30"},"content":{"rendered":"<div class=\"wp-block-image\">\n<figure class=\"aligncenter size-medium\"><img decoding=\"async\" width=\"300\" height=\"150\" src=\"https:\/\/onemd.ro\/wp-content\/uploads\/2023\/06\/Make-P-rem-300x150.jpg\" alt=\"P:rem \ub9cc\ub4e4\uae30\" class=\"wp-image-583\" title=\"P:rem \ub9cc\ub4e4\uae30\" srcset=\"https:\/\/onemd.ro\/wp-content\/uploads\/2023\/06\/Make-P-rem-300x150.jpg 300w, https:\/\/onemd.ro\/wp-content\/uploads\/2023\/06\/Make-P-rem-1024x512.jpg 1024w, https:\/\/onemd.ro\/wp-content\/uploads\/2023\/06\/Make-P-rem-768x384.jpg 768w, https:\/\/onemd.ro\/wp-content\/uploads\/2023\/06\/Make-P-rem-18x9.jpg 18w, https:\/\/onemd.ro\/wp-content\/uploads\/2023\/06\/Make-P-rem.jpg 1058w\" sizes=\"(max-width: 300px) 100vw, 300px\" \/><\/figure><\/div>\n\n\n<p><strong>\uba54\uc774\ud06c\ud504\ub818\uc740 \ucca8\ub2e8 \uae30\uc220\uacfc \ucc9c\uc5f0 \uc131\ubd84\uc744 \uc0ac\uc6a9\ud558\uc5ec \ud6a8\uacfc\uc801\uc774\uace0 \uc548\uc804\ud55c \uc81c\ud488\uc744 \ub9cc\ub4dc\ub294 \uac83\uc73c\ub85c \uc720\uba85\ud55c \ud55c\uad6d \uc2a4\ud0a8\ucf00\uc5b4 \ube0c\ub79c\ub4dc\uc785\ub2c8\ub2e4.<\/strong>. \uba54\uc774\ud06c \ud53c:\ub818\uc740 \ud53c\ubd80 \uac74\uac15\uacfc \uad11\ucc44\ub97c \uc720\uc9c0\ud558\uba74\uc11c \ub2e4\uc591\ud55c \ud53c\ubd80 \ubb38\uc81c\uc5d0 \ube60\ub974\uace0 \ub208\uc5d0 \ub744\ub294 \uc194\ub8e8\uc158\uc744 \uc81c\uacf5\ud558\ub294 \uc2ec\ud50c\ud558\uace0 \ubbf8\ub2c8\uba40\ud55c \uc81c\ud615\uc5d0 \uc911\uc810\uc744 \ub461\ub2c8\ub2e4.<\/p>\n\n\n\n<p class=\"has-primary-color has-text-color\"><strong>\uc8fc\uc694 \uc81c\ud488 Make P:rem<\/strong><\/p>\n\n\n\n<p>&#8211; <strong>\uc138\uc774\ud504 \ubbf8. \ub9b4\ub9ac\ud504 \ubaa8\uc774\uc2a4\ucc98 \ud06c\ub9bc 12<\/strong>\ud2b9\uc9d5 : \ub2e8 12\uac00\uc9c0 \uc131\ubd84\uc73c\ub85c \uad6c\uc131\ub41c \ubaa8\uc774\uc2a4\ucc98\ub77c\uc774\uc800\ub85c, \uc790\uadf9 \uc5c6\uc774 \ubbfc\uac10\ud55c \ud53c\ubd80\uc5d0 \uac15\ub825\ud55c \ubcf4\uc2b5\uacfc \uc9c4\uc815\uc744 \uc120\uc0ac\ud569\ub2c8\ub2e4.<\/p>\n\n\n\n<p>&#8211; <strong>UV \ub514\ud39c\uc2a4 \ubbf8. \ub370\uc77c\ub9ac \uc120 \uc5d0\uc13c\uc2a4 SPF50+ PA++++<\/strong>\ud2b9\uc9d5 : \ub048\uc801\uc784\uc774\ub098 \ubc31\ud0c1 \ud604\uc0c1 \uc5c6\uc774 UVA\uc640 UVB\ub97c \uac15\ub825\ud558\uac8c \ucc28\ub2e8\ud558\ub294 \uac00\ubcbc\uc6b4 \uc790\uc678\uc120 \ucc28\ub2e8 \uc5d0\uc13c\uc2a4\uc785\ub2c8\ub2e4.<\/p>\n\n\n\n<p>&#8211; <strong>\ubaa8\uc774\uc2a4\ucc98\ub77c\uc774\uc988 \ubbf8. \ub9c8\uc774\ud06c\ub85c \ud150\uc158 \ud06c\ub9bc<\/strong>\ud2b9\uc9d5 : \uac15\ub82c\ud558\uace0 \uc624\ub798 \uc9c0\uc18d\ub418\ub294 \uc218\ubd84\uc744 \uacf5\uae09\ud558\uc5ec \ud53c\ubd80 \ud0c4\ub825\uacfc \ud0c4\ub825\uc744 \uac1c\uc120\ud558\ub294 \ud48d\ubd80\ud55c \ubaa8\uc774\uc2a4\ucc98\ub77c\uc774\uc800\uc785\ub2c8\ub2e4.<\/p>\n\n\n\n<p>&#8211; <strong>\ub098\ub97c \uc704\ub85c\ud558\uc138\uc694. \ubc30\ub9ac\uc5b4 \ud640 \ub9c8\uc2a4\ud06c<\/strong>\ud2b9\uc9d5 : \ud53c\ubd80 \uc7a5\ubcbd\uc744 \ubcf4\ucda9\ud558\uace0 \uc790\uadf9\ubc1b\uace0 \uac74\uc870\ud574\uc9c4 \ud53c\ubd80\ub97c \ud3b8\uc548\ud558\uac8c \ud574\uc8fc\ub294 \uc9c4\uc815 \ubc0f \ubcf4\uc2b5 \ud398\uc774\uc2a4 \ub9c8\uc2a4\ud06c\uc785\ub2c8\ub2e4.<\/p>\n\n\n\n<p>&#8211; <strong>\ub798\ub514\uc5b8\uc2a4 \ubbf8. \ud074\ub80c\uc9d5 \uc6cc\ud130 \uc624\uc77c<\/strong>\ud2b9\uc9d5 : \ud074\ub80c\uc9d5 \uc624\uc77c\uc758 \ud6a8\uacfc\uc640 \ubbf8\uc140\ub77c \uc6cc\ud130\uc758 \ubd80\ub4dc\ub7ec\uc6c0\uc744 \uacb0\ud569\ud55c \ub4c0\uc5bc \ud074\ub80c\uc9d5 \uc81c\ud488\uc73c\ub85c \ud53c\ubd80 \uac74\uc870\ud568 \uc5c6\uc774 \uba54\uc774\ud06c\uc5c5\uacfc \ub178\ud3d0\ubb3c\uc744 \uc81c\uac70\ud574\uc90d\ub2c8\ub2e4.<\/p>\n\n\n\n<p><strong>\uba54\uc774\ud06c \ud53c:\ub818 \uc81c\ud488\uc740 \ud604\ub300 \uc18c\ube44\uc790\uc758 \ub2e4\uc591\ud55c \uc694\uad6c\ub97c \ucda9\uc871\uc2dc\ud0a4\uae30 \uc704\ud574 \uac1c\ubc1c\ub41c \ud6a8\uacfc\uc801\uc774\uace0 \ud53c\ubd80 \uce5c\ud654\uc801\uc778 \ud3ec\ubbac\ub7ec\ub85c \uc778\uc815\ubc1b\uace0 \uc788\uc2b5\ub2c8\ub2e4.<\/strong>. \uc774 \ube0c\ub79c\ub4dc\ub294 \uc548\uc804\ud558\uace0 \ud6a8\uacfc\uc801\uc778 \uc2a4\ud0a8\ucf00\uc5b4 \uc194\ub8e8\uc158\uc744 \uc81c\uacf5\ud558\ub294 \ud488\uc9c8\uacfc \ud601\uc2e0\uc5d0 \ub300\ud55c \ud5cc\uc2e0\uc73c\ub85c \uc778\uc815\ubc1b\uace0 \uc788\uc2b5\ub2c8\ub2e4.<\/p>\n\n\n\n<hr class=\"wp-block-separator aligncenter has-alpha-channel-opacity\"\/>\n\n\n\n<p class=\"has-text-align-center\"><strong>\uacf5\uc2dd \ud30c\ud2b8\ub108 \uc2a4\ud1a0\uc5b4\uc5d0\uc11c \uc628\ub77c\uc778\uc73c\ub85c Make P:rem \uc81c\ud488\uc744 \uc8fc\ubb38\ud558\uc138\uc694:<\/strong><\/p>\n\n\n\n<div class=\"wp-block-group has-large-font-size is-layout-grid wp-container-core-group-is-layout-6be84c55 wp-block-group-is-layout-grid\">\n<figure class=\"wp-block-image size-medium\"><a href=\"https:\/\/sole.ro\/brand\/make-p-rem\" target=\"_blank\" rel=\" noreferrer noopener\"><img decoding=\"async\" width=\"300\" height=\"150\" src=\"https:\/\/onemd.ro\/wp-content\/uploads\/2021\/07\/f6-2-300x150.jpg\" alt=\"sole.ro\" class=\"wp-image-297\" srcset=\"https:\/\/onemd.ro\/wp-content\/uploads\/2021\/07\/f6-2-300x150.jpg 300w, https:\/\/onemd.ro\/wp-content\/uploads\/2021\/07\/f6-2-16x8.jpg 16w, https:\/\/onemd.ro\/wp-content\/uploads\/2021\/07\/f6-2.jpg 600w\" sizes=\"(max-width: 300px) 100vw, 300px\" \/><\/a><\/figure>\n<\/div>","protected":false},"excerpt":{"rendered":"<p>Make P:rem este un brand coreean de \u00eengrijire a pielii, renumit pentru utilizarea tehnologiei avansate \u0219i a ingredientelor naturale pentru a crea produse eficiente \u0219i sigure. Make P:rem se concentreaz\u0103 pe formul\u0103ri simple \u0219i minimaliste care ofer\u0103 solu\u021bii rapide \u0219i vizibile pentru diverse probleme ale pielii, men\u021bin\u00e2nd s\u0103n\u0103tatea \u0219i str\u0103lucirea acesteia. Produsele cheie Make P:rem [&hellip;]<\/p>","protected":false},"author":1,"featured_media":0,"parent":0,"menu_order":0,"comment_status":"closed","ping_status":"closed","template":"","meta":{"footnotes":""},"class_list":["post-735","page","type-page","status-publish","hentry"],"aioseo_notices":[],"_links":{"self":[{"href":"https:\/\/onemd.ro\/ko\/wp-json\/wp\/v2\/pages\/735","targetHints":{"allow":["GET"]}}],"collection":[{"href":"https:\/\/onemd.ro\/ko\/wp-json\/wp\/v2\/pages"}],"about":[{"href":"https:\/\/onemd.ro\/ko\/wp-json\/wp\/v2\/types\/page"}],"author":[{"embeddable":true,"href":"https:\/\/onemd.ro\/ko\/wp-json\/wp\/v2\/users\/1"}],"replies":[{"embeddable":true,"href":"https:\/\/onemd.ro\/ko\/wp-json\/wp\/v2\/comments?post=735"}],"version-history":[{"count":3,"href":"https:\/\/onemd.ro\/ko\/wp-json\/wp\/v2\/pages\/735\/revisions"}],"predecessor-version":[{"id":1650,"href":"https:\/\/onemd.ro\/ko\/wp-json\/wp\/v2\/pages\/735\/revisions\/1650"}],"wp:attachment":[{"href":"https:\/\/onemd.ro\/ko\/wp-json\/wp\/v2\/media?parent=735"}],"curies":[{"name":"wp","href":"https:\/\/api.w.org\/{rel}","templated":true}]}}