{"id":741,"date":"2024-05-27T07:23:24","date_gmt":"2024-05-27T07:23:24","guid":{"rendered":"https:\/\/onemd.ro\/?page_id=741"},"modified":"2025-09-01T11:46:15","modified_gmt":"2025-09-01T11:46:15","slug":"riemann-p20","status":"publish","type":"page","link":"https:\/\/onemd.ro\/ko\/riemann-p20\/","title":{"rendered":"Riemann P20"},"content":{"rendered":"<div class=\"wp-block-image\">\n<figure class=\"aligncenter size-medium\"><img decoding=\"async\" width=\"300\" height=\"150\" src=\"https:\/\/onemd.ro\/wp-content\/uploads\/2023\/06\/RiemannP20-1-300x150.jpg\" alt=\"Riemann P20\" class=\"wp-image-601\" title=\"Riemann P20\" srcset=\"https:\/\/onemd.ro\/wp-content\/uploads\/2023\/06\/RiemannP20-1-300x150.jpg 300w, https:\/\/onemd.ro\/wp-content\/uploads\/2023\/06\/RiemannP20-1-1024x512.jpg 1024w, https:\/\/onemd.ro\/wp-content\/uploads\/2023\/06\/RiemannP20-1-768x384.jpg 768w, https:\/\/onemd.ro\/wp-content\/uploads\/2023\/06\/RiemannP20-1-18x9.jpg 18w, https:\/\/onemd.ro\/wp-content\/uploads\/2023\/06\/RiemannP20-1.jpg 1058w\" sizes=\"(max-width: 300px) 100vw, 300px\" \/><\/figure><\/div>\n\n\n<p><strong>Riemann P20 <\/strong>\ub294 \ud601\uc2e0\uc801\uc778 \uace0\uc131\ub2a5 \uc81c\ud488\uc73c\ub85c \uc778\uc815\ubc1b\ub294 \uc120\ub3c4\uc801\uc778 \uc790\uc678\uc120 \ucc28\ub2e8 \ube0c\ub79c\ub4dc\uc785\ub2c8\ub2e4. \uc790\uc678\uc120 \ucc28\ub2e8\uc81c \uc194\ub8e8\uc158 \uc5f0\uad6c \ubc0f \uac1c\ubc1c \ubd84\uc57c\uc5d0\uc11c \uc624\ub79c \uacbd\ud5d8\uc744 \uc313\uc558\uc2b5\ub2c8\ub2e4,<strong> \ub9ac\ub9cc P20\uc740 \uc77c\ubc18 \uc0ac\uc6a9 \uc2dc \ucd5c\ub300 10\uc2dc\uac04, \ubb3c \uc18d\uc5d0\uc11c\ub294 \ucd5c\ub300 3\uc2dc\uac04 \ub3d9\uc548 \uc790\uc678\uc120\uc73c\ub85c\ubd80\ud130 \ud6a8\uacfc\uc801\uc774\uace0 \uc624\ub798 \uc9c0\uc18d\ub418\ub294 \uc790\uc678\uc120 \ucc28\ub2e8 \uae30\ub2a5\uc744 \uc81c\uacf5\ud558\ub294 \uc81c\ud488\uc785\ub2c8\ub2e4.<\/strong><\/p>\n\n\n\n<p class=\"has-primary-color has-text-color\"><strong>\uc8fc\uc694 \uc81c\ud488 Riemann P20<\/strong><\/p>\n\n\n\n<p><strong>- P20 \uc120 \ud504\ub85c\ud14d\uc158 \uc2a4\ud504\ub808\uc774 SPF50: <\/strong>\ucd5c\ub300 10\uc2dc\uac04 \ub3d9\uc548 \uc9c0\uc18d\uc801\uc73c\ub85c \uc790\uc678\uc120\uc744 \ucc28\ub2e8\ud558\ub294 \uace0 SPF \uc790\uc678\uc120 \ucc28\ub2e8 \uc2a4\ud504\ub808\uc774\uc785\ub2c8\ub2e4. \uc6cc\ud130\ud504\ub8e8\ud504 \ud3ec\ubbac\ub7ec\ub85c \uc27d\uac8c \ubc14\ub97c \uc218 \uc788\uc2b5\ub2c8\ub2e4.<\/p>\n\n\n\n<p><strong>- P20 \uc120 \ud504\ub85c\ud14d\uc158 \ub85c\uc158 SPF30: <\/strong>\uc628 \uac00\uc871\uc774 \uc0ac\uc6a9\ud560 \uc218 \uc788\ub294 \ud6a8\uacfc\uc801\uc778 \uc790\uc678\uc120 \ucc28\ub2e8 \ub85c\uc158\uc73c\ub85c, \uc624\ub798 \uc9c0\uc18d\ub418\ub294 \ubcf4\ud638 \ud6a8\uacfc\uc640 \ubc29\uc218 \uae30\ub2a5\uc744 \uc81c\uacf5\ud569\ub2c8\ub2e4.<\/p>\n\n\n\n<p><strong>- P20 \ucee8\ud2f0\ub274\uc5b4\uc2a4 \uc2a4\ud504\ub808\uc774 SPF20: <\/strong>\uc9c0\uc18d\uc131 \uc2a4\ud504\ub808\uc774\ub85c \uade0\uc77c\ud558\uace0 \ube60\ub974\uac8c \ub3c4\ud3ec\ub418\uc5b4 \uc790\uc678\uc120 \ucc28\ub2e8 \ud6a8\uacfc\uac00 \uc624\ub798 \uc9c0\uc18d\ub418\uba70 \uc57c\uc678 \ud65c\ub3d9\uc5d0 \uc774\uc0c1\uc801\uc785\ub2c8\ub2e4.<\/p>\n\n\n\n<p><strong>- P20 \ud0a4\uc988 \uc120 \ud504\ub85c\ud14d\uc158 SPF50+: <\/strong>\uc5b4\ub9b0\uc774\uc758 \ubbfc\uac10\ud55c \ud53c\ubd80\ub97c \uc704\ud574 \ud2b9\ubcc4\ud788 \uac1c\ubc1c\ub41c \ud3ec\ubbac\ub7ec\ub85c \uc790\uc678\uc120 \ucc28\ub2e8\uacfc \ub0b4\uc218\uc131\uc774 \ub9e4\uc6b0 \ub6f0\uc5b4\ub098 \uc57c\uc678 \ub180\uc774\uc5d0 \uc774\uc0c1\uc801\uc785\ub2c8\ub2e4.<\/p>\n\n\n\n<p><strong>- \uc6b4\ub3d9\uc120\uc218\uc6a9 P20: <\/strong>P20 \uc81c\ud488\uc740 \ubc29\uc218 \ud3ec\ubbac\ub7ec\uc640 \uc624\ub798 \uc9c0\uc18d\ub418\ub294 \uc790\uc678\uc120 \ucc28\ub2e8 \uae30\ub2a5 \ub355\ubd84\uc5d0 \uc6b4\ub3d9\uc120\uc218, \ud2b9\ud788 \uc57c\uc678 \uc2a4\ud3ec\uce20\ub9e8\uacfc \uc5ec\uc131\uc5d0\uac8c \uc801\ud569\ud569\ub2c8\ub2e4.<\/p>\n\n\n\n<p>\ub9ac\ub9cc P20 \uc81c\ud488\uc740 \ud6a8\uacfc\uc640 \ub0b4\uc218\uc131, \ud558\ub8e8 \uc885\uc77c \uc790\uc678\uc120\uc744 \ucc28\ub2e8\ud558\ub294 \uae30\ub2a5\uc73c\ub85c \uc778\uc815\ubc1b\uace0 \uc788\uc2b5\ub2c8\ub2e4. \uc774 \ube0c\ub79c\ub4dc\ub294 \ud587\ube5b\uc5d0 \ub178\ucd9c\ub418\ub294 \ub3d9\uc548 \ud53c\ubd80\uc758 \uc548\uc804\uacfc \uac74\uac15\uc744 \ubcf4\uc7a5\ud558\ub294 \ubbff\uc744 \uc218 \uc788\ub294 \uc790\uc678\uc120 \ucc28\ub2e8 \uc194\ub8e8\uc158\uc744 \ucc3e\ub294 \uc18c\ube44\uc790\ub4e4\uc774 \uac00\uc7a5 \uc120\ud638\ud558\ub294 \ube0c\ub79c\ub4dc\uc785\ub2c8\ub2e4.<\/p>\n\n\n\n<hr class=\"wp-block-separator aligncenter has-alpha-channel-opacity\"\/>\n\n\n\n<p class=\"has-text-align-center\"><strong>\uc628\ub77c\uc778 \uc81c\ud488 \uc8fc\ubb38 <strong>Riemann P20<\/strong> \uacf5\uc2dd \ud30c\ud2b8\ub108 \uc0c1\uc810\uc5d0\uc11c \uad6c\uc785\ud558\uc138\uc694:<\/strong><\/p>\n\n\n\n<div class=\"wp-block-group has-large-font-size is-layout-grid wp-container-core-group-is-layout-4d858cb8 wp-block-group-is-layout-grid\">\n<figure class=\"wp-block-image size-medium\"><a href=\"https:\/\/sole.ro\/brand\/riemann-p20\" target=\"_blank\" rel=\" noreferrer noopener\"><img decoding=\"async\" width=\"300\" height=\"150\" src=\"https:\/\/onemd.ro\/wp-content\/uploads\/2021\/07\/f6-2-300x150.jpg\" alt=\"sole.ro\" class=\"wp-image-297\" srcset=\"https:\/\/onemd.ro\/wp-content\/uploads\/2021\/07\/f6-2-300x150.jpg 300w, https:\/\/onemd.ro\/wp-content\/uploads\/2021\/07\/f6-2-16x8.jpg 16w, https:\/\/onemd.ro\/wp-content\/uploads\/2021\/07\/f6-2.jpg 600w\" sizes=\"(max-width: 300px) 100vw, 300px\" \/><\/a><\/figure>\n\n\n\n<figure class=\"wp-block-image size-medium\"><a href=\"https:\/\/comenzi.farmaciatei.ro\/brand\/riemann\" target=\"_blank\" rel=\" noreferrer noopener\"><img decoding=\"async\" width=\"300\" height=\"150\" src=\"https:\/\/onemd.ro\/wp-content\/uploads\/2021\/07\/f1-1-300x150.jpg\" alt=\"\ud14c\uc774 \uc57d\uad6d \uacf5\uc2dd \ud30c\ud2b8\ub108 \uc0f5\" class=\"wp-image-301\" srcset=\"https:\/\/onemd.ro\/wp-content\/uploads\/2021\/07\/f1-1-300x150.jpg 300w, https:\/\/onemd.ro\/wp-content\/uploads\/2021\/07\/f1-1-16x8.jpg 16w, https:\/\/onemd.ro\/wp-content\/uploads\/2021\/07\/f1-1.jpg 600w\" sizes=\"(max-width: 300px) 100vw, 300px\" \/><\/a><\/figure>\n\n\n\n<figure class=\"wp-block-image size-medium\"><a href=\"https:\/\/comenzi.bebetei.ro\/brand\/riemann\" target=\"_blank\" rel=\" noreferrer noopener\"><img loading=\"lazy\" decoding=\"async\" width=\"300\" height=\"150\" src=\"https:\/\/onemd.ro\/wp-content\/uploads\/2021\/07\/f4-300x150.jpg\" alt=\"\ubca0\ubca0\ud14c\uc774 \uacf5\uc2dd \ud30c\ud2b8\ub108 \uc0f5\" class=\"wp-image-292\" srcset=\"https:\/\/onemd.ro\/wp-content\/uploads\/2021\/07\/f4-300x150.jpg 300w, https:\/\/onemd.ro\/wp-content\/uploads\/2021\/07\/f4-16x8.jpg 16w, https:\/\/onemd.ro\/wp-content\/uploads\/2021\/07\/f4.jpg 600w\" sizes=\"(max-width: 300px) 100vw, 300px\" \/><\/a><\/figure>\n\n\n\n<figure class=\"wp-block-image size-medium\"><a href=\"https:\/\/www.drmax.ro\/riemann\" target=\"_blank\" rel=\" noreferrer noopener\"><img loading=\"lazy\" decoding=\"async\" width=\"300\" height=\"129\" src=\"https:\/\/onemd.ro\/wp-content\/uploads\/2024\/05\/dr-max-300x129.jpg\" alt=\"\ub2e5\ud130\ub9e5\uc2a4 \uacf5\uc2dd \ud30c\ud2b8\ub108 \uc0f5\" class=\"wp-image-673\" srcset=\"https:\/\/onemd.ro\/wp-content\/uploads\/2024\/05\/dr-max-300x129.jpg 300w, https:\/\/onemd.ro\/wp-content\/uploads\/2024\/05\/dr-max-18x8.jpg 18w, https:\/\/onemd.ro\/wp-content\/uploads\/2024\/05\/dr-max.jpg 473w\" sizes=\"(max-width: 300px) 100vw, 300px\" \/><\/a><\/figure>\n\n\n\n<figure class=\"wp-block-image size-full\"><a href=\"https:\/\/www.dm.ro\/\" target=\"_blank\" rel=\" noreferrer noopener\"><img loading=\"lazy\" decoding=\"async\" width=\"600\" height=\"300\" src=\"https:\/\/onemd.ro\/wp-content\/uploads\/2021\/07\/f3-1.jpg\" alt=\"DM \uc2dd\ub8cc\ud488\" class=\"wp-image-291\" srcset=\"https:\/\/onemd.ro\/wp-content\/uploads\/2021\/07\/f3-1.jpg 600w, https:\/\/onemd.ro\/wp-content\/uploads\/2021\/07\/f3-1-300x150.jpg 300w, https:\/\/onemd.ro\/wp-content\/uploads\/2021\/07\/f3-1-16x8.jpg 16w\" sizes=\"(max-width: 600px) 100vw, 600px\" \/><\/a><\/figure>\n\n\n\n<figure class=\"wp-block-image size-full\"><a href=\"https:\/\/www.helpnet.ro\/riemann\" target=\"_blank\" rel=\" noreferrer noopener\"><img loading=\"lazy\" decoding=\"async\" width=\"600\" height=\"300\" src=\"https:\/\/onemd.ro\/wp-content\/uploads\/2025\/08\/helpnet.jpg\" alt=\"\ud5ec\ud504\ub137\" class=\"wp-image-1427\" srcset=\"https:\/\/onemd.ro\/wp-content\/uploads\/2025\/08\/helpnet.jpg 600w, https:\/\/onemd.ro\/wp-content\/uploads\/2025\/08\/helpnet-300x150.jpg 300w, https:\/\/onemd.ro\/wp-content\/uploads\/2025\/08\/helpnet-18x9.jpg 18w\" sizes=\"(max-width: 600px) 100vw, 600px\" \/><\/a><\/figure>\n\n\n\n<figure class=\"wp-block-image size-full\"><a href=\"https:\/\/www.farmaciilenapofarm.ro\/riemann\" target=\"_blank\" rel=\" noreferrer noopener\"><img loading=\"lazy\" decoding=\"async\" width=\"600\" height=\"300\" src=\"https:\/\/onemd.ro\/wp-content\/uploads\/2021\/10\/f8.jpg\" alt=\"\ub098\ud3ec\ud31c\" class=\"wp-image-546\" srcset=\"https:\/\/onemd.ro\/wp-content\/uploads\/2021\/10\/f8.jpg 600w, https:\/\/onemd.ro\/wp-content\/uploads\/2021\/10\/f8-300x150.jpg 300w, https:\/\/onemd.ro\/wp-content\/uploads\/2021\/10\/f8-18x9.jpg 18w\" sizes=\"(max-width: 600px) 100vw, 600px\" \/><\/a><\/figure>\n\n\n\n<figure class=\"wp-block-image size-full\"><a href=\"https:\/\/www.elmafarm.ro\/\" target=\"_blank\" rel=\" noreferrer noopener\"><img loading=\"lazy\" decoding=\"async\" width=\"600\" height=\"300\" src=\"https:\/\/onemd.ro\/wp-content\/uploads\/2025\/08\/elmafarm.jpg\" alt=\"\uc5d8\ub9c8\ud31c\" class=\"wp-image-1428\" srcset=\"https:\/\/onemd.ro\/wp-content\/uploads\/2025\/08\/elmafarm.jpg 600w, https:\/\/onemd.ro\/wp-content\/uploads\/2025\/08\/elmafarm-300x150.jpg 300w, https:\/\/onemd.ro\/wp-content\/uploads\/2025\/08\/elmafarm-18x9.jpg 18w\" sizes=\"(max-width: 600px) 100vw, 600px\" \/><\/a><\/figure>\n\n\n\n<figure class=\"wp-block-image size-full\"><a href=\"https:\/\/www.catena.ro\/\" target=\"_blank\" rel=\" noreferrer noopener\"><img loading=\"lazy\" decoding=\"async\" width=\"600\" height=\"300\" src=\"https:\/\/onemd.ro\/wp-content\/uploads\/2021\/07\/Farmaci-5.jpg\" alt=\"\uccb4\uc778\" class=\"wp-image-111\" srcset=\"https:\/\/onemd.ro\/wp-content\/uploads\/2021\/07\/Farmaci-5.jpg 600w, https:\/\/onemd.ro\/wp-content\/uploads\/2021\/07\/Farmaci-5-300x150.jpg 300w, https:\/\/onemd.ro\/wp-content\/uploads\/2021\/07\/Farmaci-5-16x8.jpg 16w\" sizes=\"(max-width: 600px) 100vw, 600px\" \/><\/a><\/figure>\n\n\n\n<figure class=\"wp-block-image size-full\"><a href=\"https:\/\/www.remediumfarm.ro\/catalog\/brand\/riemann-p20-11001956\" target=\"_blank\" rel=\" noreferrer noopener\"><img loading=\"lazy\" decoding=\"async\" width=\"600\" height=\"300\" src=\"https:\/\/onemd.ro\/wp-content\/uploads\/2021\/07\/f5-1.jpg\" alt=\"\ub808\ubbf8\ub514\uc5c4 \ub18d\uc7a5\" class=\"wp-image-299\" srcset=\"https:\/\/onemd.ro\/wp-content\/uploads\/2021\/07\/f5-1.jpg 600w, https:\/\/onemd.ro\/wp-content\/uploads\/2021\/07\/f5-1-300x150.jpg 300w, https:\/\/onemd.ro\/wp-content\/uploads\/2021\/07\/f5-1-16x8.jpg 16w\" sizes=\"(max-width: 600px) 100vw, 600px\" \/><\/a><\/figure>\n\n\n\n<figure class=\"wp-block-image size-full\"><a href=\"https:\/\/www.springfarma.com\/p20.html\" target=\"_blank\" rel=\" noreferrer noopener\"><img loading=\"lazy\" decoding=\"async\" width=\"600\" height=\"300\" src=\"https:\/\/onemd.ro\/wp-content\/uploads\/2025\/08\/Spring-Farma.jpg\" alt=\"\" class=\"wp-image-1611\" srcset=\"https:\/\/onemd.ro\/wp-content\/uploads\/2025\/08\/Spring-Farma.jpg 600w, https:\/\/onemd.ro\/wp-content\/uploads\/2025\/08\/Spring-Farma-300x150.jpg 300w, https:\/\/onemd.ro\/wp-content\/uploads\/2025\/08\/Spring-Farma-18x9.jpg 18w\" sizes=\"(max-width: 600px) 100vw, 600px\" \/><\/a><\/figure>\n<\/div>","protected":false},"excerpt":{"rendered":"<p>Riemann P20 este un brand de top \u00een domeniul protec\u021biei solare, recunoscut pentru produsele sale inovatoare \u0219i de \u00eenalt\u0103 performan\u021b\u0103. Cu o experien\u021b\u0103 \u00eendelungat\u0103 \u00een cercetarea \u0219i dezvoltarea solu\u021biilor de protec\u021bie solar\u0103, Riemann P20 ofer\u0103 produse care asigur\u0103 o protec\u021bie eficient\u0103 \u0219i de lung\u0103 durat\u0103 \u00eempotriva razelor UV, pana la 10 ore in utilizare normal, [&hellip;]<\/p>\n","protected":false},"author":1,"featured_media":0,"parent":0,"menu_order":0,"comment_status":"closed","ping_status":"closed","template":"","meta":{"footnotes":""},"class_list":["post-741","page","type-page","status-publish","hentry"],"aioseo_notices":[],"_links":{"self":[{"href":"https:\/\/onemd.ro\/ko\/wp-json\/wp\/v2\/pages\/741","targetHints":{"allow":["GET"]}}],"collection":[{"href":"https:\/\/onemd.ro\/ko\/wp-json\/wp\/v2\/pages"}],"about":[{"href":"https:\/\/onemd.ro\/ko\/wp-json\/wp\/v2\/types\/page"}],"author":[{"embeddable":true,"href":"https:\/\/onemd.ro\/ko\/wp-json\/wp\/v2\/users\/1"}],"replies":[{"embeddable":true,"href":"https:\/\/onemd.ro\/ko\/wp-json\/wp\/v2\/comments?post=741"}],"version-history":[{"count":3,"href":"https:\/\/onemd.ro\/ko\/wp-json\/wp\/v2\/pages\/741\/revisions"}],"predecessor-version":[{"id":1700,"href":"https:\/\/onemd.ro\/ko\/wp-json\/wp\/v2\/pages\/741\/revisions\/1700"}],"wp:attachment":[{"href":"https:\/\/onemd.ro\/ko\/wp-json\/wp\/v2\/media?parent=741"}],"curies":[{"name":"wp","href":"https:\/\/api.w.org\/{rel}","templated":true}]}}