{"id":753,"date":"2024-05-27T07:45:13","date_gmt":"2024-05-27T07:45:13","guid":{"rendered":"https:\/\/onemd.ro\/?page_id=753"},"modified":"2024-05-27T12:00:26","modified_gmt":"2024-05-27T12:00:26","slug":"tocobo","status":"publish","type":"page","link":"https:\/\/onemd.ro\/ko\/tocobo\/","title":{"rendered":"TOCOBO"},"content":{"rendered":"<div class=\"wp-block-image\"><figure class=\"aligncenter size-medium is-resized\"><img decoding=\"async\" src=\"https:\/\/onemd.ro\/wp-content\/uploads\/2023\/09\/tocobo-300x150.jpg\" alt=\"TOCOBO\" class=\"wp-image-621\" width=\"300\" height=\"150\" title=\"TOCOBO\" srcset=\"https:\/\/onemd.ro\/wp-content\/uploads\/2023\/09\/tocobo-300x150.jpg 300w, https:\/\/onemd.ro\/wp-content\/uploads\/2023\/09\/tocobo-1024x512.jpg 1024w, https:\/\/onemd.ro\/wp-content\/uploads\/2023\/09\/tocobo-768x384.jpg 768w, https:\/\/onemd.ro\/wp-content\/uploads\/2023\/09\/tocobo-18x9.jpg 18w, https:\/\/onemd.ro\/wp-content\/uploads\/2023\/09\/tocobo.jpg 1058w\" sizes=\"(max-width: 300px) 100vw, 300px\" \/><\/figure><\/div>\n\n\n\n<p><strong>\ud1a0\ucf54\ubcf4\ub294 \ucc9c\uc5f0 \uc131\ubd84\uacfc \ud601\uc2e0\uc801\uc778 \ud3ec\ubbac\ub7ec\ub97c \uc0ac\uc6a9\ud558\uc5ec \ud6a8\uacfc\uc801\uc774\uace0 \uc548\uc804\ud55c \uc194\ub8e8\uc158\uc744 \uc81c\uacf5\ud558\uae30 \uc704\ud574 \ub178\ub825\ud558\ub294 \ud55c\uad6d \uc2a4\ud0a8\ucf00\uc5b4 \ube0c\ub79c\ub4dc\uc785\ub2c8\ub2e4.<\/strong>. \ud1a0\ucf54\ubcf4\uc758 \ucca0\ud559\uc740 \ub2e8\uc21c\ud568\uacfc \ud6a8\uacfc\uc5d0 \uae30\ubc18\uc744 \ub450\uace0 \uc788\uc73c\uba70, \ud53c\ubd80\ub97c \uac74\uac15\ud558\uace0 \uc724\uae30 \uc788\uac8c \uc720\uc9c0\ud558\uae30 \uc704\ud574 \uae68\ub057\ud55c \uc131\ubd84\uacfc \ucca8\ub2e8 \uae30\uc220\uc744 \uac15\uc870\ud569\ub2c8\ub2e4.<\/p>\n\n\n\n<p class=\"has-primary-color has-text-color\"><strong><a href=\"https:\/\/www.sole.ro\/brand\/tocobo\" target=\"_blank\" rel=\"noopener\" title=\"\">\uc8fc\uc694 \ud1a0\ucf54\ubcf4 \uc81c\ud488<\/a><\/strong><\/p>\n\n\n\n<p>&#8211; <strong>\ubc14\uc774\uc624 \uc6cc\ud130\ub9ac \uc120\ud06c\ub9bc SPF50+ PA++++<\/strong>\ud2b9\uc9d5 : \ucc9c\uc5f0 \uc800\uc790\uadf9 \uc131\ubd84\uc73c\ub85c \uc81c\uc870\ub41c \uad11\ubc94\uc704 \uc790\uc678\uc120 \ucc28\ub2e8\uc81c\uc785\ub2c8\ub2e4. UVA\uc640 UVB \uad11\uc120\uc744 \ud6a8\uacfc\uc801\uc73c\ub85c \ucc28\ub2e8\ud558\uc5ec \ud53c\ubd80\ub97c \ucd09\ucd09\ud558\uac8c \ubcf4\ud638\ud558\uace0 \ubc31\ud0c1 \ud604\uc0c1 \uc5c6\uc774 \ud53c\ubd80\ub97c \ubcf4\ud638\ud569\ub2c8\ub2e4.<\/p>\n\n\n\n<p>&#8211; <strong>\ube44\ud53c\ub2e4 \ubc14\uc774\uc634 \uc5d0\uc13c\uc2a4<\/strong>\ube44\ud53c\ub2e4 \ubc1c\ud6a8 \uc6a9\ud574\ubb3c\uacfc \uae30\ud0c0 \ud504\ub85c\ubc14\uc774\uc624\ud2f1 \uc131\ubd84\uc774 \ud568\uc720\ub418\uc5b4 \ud53c\ubd80 \uc7a5\ubcbd\uc744 \uac15\ud654\ud558\uace0 \ud53c\ubd80 \uade0\ud615\uc744 \uc720\uc9c0\ud558\ub294 \ub370 \ub3c4\uc6c0\uc744 \uc8fc\ub294 \ubcf4\uc2b5 \ubc0f \ud68c\ubcf5 \uc5d0\uc13c\uc2a4\uc785\ub2c8\ub2e4.<\/p>\n\n\n\n<p>&#8211; <strong>\uba40\ud2f0 \uc138\ub77c\ub9c8\uc774\ub4dc \ud06c\ub9bc<\/strong>\uc138\ub77c\ub9c8\uc774\ub4dc\uc640 \uc2dd\ubb3c \ucd94\ucd9c\ubb3c\uc774 \ud48d\ubd80\ud55c \uace0\ubcf4\uc2b5 \ud06c\ub9bc\uc73c\ub85c \ud53c\ubd80 \uc7a5\ubcbd\uc744 \ubcf4\ucda9\ud558\uace0 \ubcf4\ud638\ud558\uc5ec \uc624\ub798 \uc9c0\uc18d\ub418\ub294 \uc218\ubd84\uac10\uacfc \ud3b8\uc548\ud568\uc744 \uc120\uc0ac\ud569\ub2c8\ub2e4.<\/p>\n\n\n\n<p>&#8211; <strong>\ucf5c\ub77c\uac90 \ube0c\ub77c\uc774\ud2b8\ub2dd \uc544\uc774 \uc824<\/strong>\ub0b4\uc6a9\ubb3c : \ucf5c\ub77c\uac90\uacfc \ud3a9\ud0c0\uc774\ub4dc\uac00 \ud568\uc720\ub418\uc5b4 \ub2e4\ud06c\uc11c\ud074\uacfc \uc794\uc8fc\ub984\uc744 \uc644\ud654\ud558\uace0 \uc5f0\uc57d\ud55c \ub208\uac00\ub97c \ubc1d\uace0 \ucd09\ucd09\ud558\uac8c \uac00\uafb8\uc5b4\uc8fc\ub294 \uc544\uc774 \uc824\uc785\ub2c8\ub2e4.<\/p>\n\n\n\n<p>&#8211; <strong>\ube44\ud0c0 \ud1a4\uc5c5 \ud06c\ub9bc<\/strong>\ud2b9\uc9d5 : \ud53c\ubd80 \ud1a4\uc744 \uace0\ub974\uac8c \ud558\uace0 \uc989\uac01\uc801\uc778 \uad11\ucc44\ub97c \uc120\uc0ac\ud558\ub294 \ud1a0\ub2dd \ud06c\ub9bc\uc73c\ub85c, \ube44\ud0c0\ubbfc\uacfc \ucc9c\uc5f0 \ucd94\ucd9c\ubb3c\uc774 \ud48d\ubd80\ud558\uac8c \ud568\uc720\ub418\uc5b4 \ud53c\ubd80\uc5d0 \uc218\ubd84\uc744 \uacf5\uae09\ud558\uace0 \ud65c\ub825\uc744 \ubd88\uc5b4\ub123\uc5b4 \uc90d\ub2c8\ub2e4.<\/p>\n\n\n\n<p><strong>\ud1a0\ucf54\ubcf4 \uc81c\ud488\uc740 \ubbfc\uac10\uc131 \ud53c\ubd80\ub97c \ud3ec\ud568\ud55c \ubaa8\ub4e0 \ud53c\ubd80 \ud0c0\uc785\uc5d0 \uc801\ud569\ud55c \ud6a8\ub2a5\uacfc \uae68\ub057\ud55c \uc81c\ud615\uc73c\ub85c \uc778\uc815\ubc1b\uace0 \uc788\uc2b5\ub2c8\ub2e4.<\/strong>. \uc774 \ube0c\ub79c\ub4dc\ub294 \ud658\uacbd\uc744 \uc874\uc911\ud558\uace0 \uac74\uac15\ud558\uace0 \uc544\ub984\ub2e4\uc6b4 \ud53c\ubd80\uc5d0 \uae30\uc5ec\ud558\ub294 \uc2a4\ud0a8\ucf00\uc5b4 \uc194\ub8e8\uc158\uc744 \uc81c\uacf5\ud558\uae30 \uc704\ud574 \ucd5c\uc120\uc744 \ub2e4\ud558\uace0 \uc788\uc2b5\ub2c8\ub2e4.<\/p>\n\n\n\n<p class=\"has-text-align-center\"><strong>\uacf5\uc2dd \ud30c\ud2b8\ub108 SOLE\uc5d0\uc11c \uc628\ub77c\uc778\uc73c\ub85c \uc8fc\ubb38\ud558\uae30<\/strong><\/p>\n\n\n\n<div class=\"wp-block-buttons is-content-justification-center is-layout-flex wp-block-buttons-is-layout-flex\">\n<div class=\"wp-block-button is-style-outline is-style-outline--1\"><a class=\"wp-block-button__link has-background-color has-text-color has-background\" href=\"https:\/\/www.sole.ro\/brand\/tocobo\" style=\"border-radius:17px;background-color:#1474b8\" target=\"_blank\" rel=\"noreferrer noopener\">\uc8fc\ubb38<\/a><\/div>\n<\/div>","protected":false},"excerpt":{"rendered":"<p>TOCOBO este un brand coreean de \u00eengrijire a pielii, dedicat utiliz\u0103rii ingredientelor naturale \u0219i formulelor inovatoare pentru a oferi solu\u021bii eficiente \u0219i sigure. Filosofia TOCOBO se bazeaz\u0103 pe simplitate \u0219i eficacitate, pun\u00e2nd accent pe ingrediente curate \u0219i tehnologii avansate pentru a men\u021bine pielea s\u0103n\u0103toas\u0103 \u0219i radiant\u0103. Produsele cheie TOCOBO &#8211; Bio Watery Sun Cream SPF50+ [&hellip;]<\/p>","protected":false},"author":1,"featured_media":0,"parent":0,"menu_order":0,"comment_status":"closed","ping_status":"closed","template":"","meta":{"footnotes":""},"class_list":["post-753","page","type-page","status-publish","hentry"],"aioseo_notices":[],"_links":{"self":[{"href":"https:\/\/onemd.ro\/ko\/wp-json\/wp\/v2\/pages\/753","targetHints":{"allow":["GET"]}}],"collection":[{"href":"https:\/\/onemd.ro\/ko\/wp-json\/wp\/v2\/pages"}],"about":[{"href":"https:\/\/onemd.ro\/ko\/wp-json\/wp\/v2\/types\/page"}],"author":[{"embeddable":true,"href":"https:\/\/onemd.ro\/ko\/wp-json\/wp\/v2\/users\/1"}],"replies":[{"embeddable":true,"href":"https:\/\/onemd.ro\/ko\/wp-json\/wp\/v2\/comments?post=753"}],"version-history":[{"count":2,"href":"https:\/\/onemd.ro\/ko\/wp-json\/wp\/v2\/pages\/753\/revisions"}],"predecessor-version":[{"id":899,"href":"https:\/\/onemd.ro\/ko\/wp-json\/wp\/v2\/pages\/753\/revisions\/899"}],"wp:attachment":[{"href":"https:\/\/onemd.ro\/ko\/wp-json\/wp\/v2\/media?parent=753"}],"curies":[{"name":"wp","href":"https:\/\/api.w.org\/{rel}","templated":true}]}}