{"id":755,"date":"2024-05-27T07:49:43","date_gmt":"2024-05-27T07:49:43","guid":{"rendered":"https:\/\/onemd.ro\/?page_id=755"},"modified":"2025-08-29T10:18:15","modified_gmt":"2025-08-29T10:18:15","slug":"brand-aquapick","status":"publish","type":"page","link":"https:\/\/onemd.ro\/ko\/brand-aquapick\/","title":{"rendered":"\uc544\ucfe0\uc544\ud53d"},"content":{"rendered":"<div class=\"wp-block-image\">\n<figure class=\"aligncenter size-medium\"><img decoding=\"async\" width=\"300\" height=\"150\" src=\"https:\/\/onemd.ro\/wp-content\/uploads\/2024\/04\/aquapick-300x150.jpg\" alt=\"\" class=\"wp-image-634\" srcset=\"https:\/\/onemd.ro\/wp-content\/uploads\/2024\/04\/aquapick-300x150.jpg 300w, https:\/\/onemd.ro\/wp-content\/uploads\/2024\/04\/aquapick-1024x512.jpg 1024w, https:\/\/onemd.ro\/wp-content\/uploads\/2024\/04\/aquapick-768x384.jpg 768w, https:\/\/onemd.ro\/wp-content\/uploads\/2024\/04\/aquapick-18x9.jpg 18w, https:\/\/onemd.ro\/wp-content\/uploads\/2024\/04\/aquapick.jpg 1058w\" sizes=\"(max-width: 300px) 100vw, 300px\" \/><\/figure><\/div>\n\n\n<p><strong>\uc544\ucfe0\uc544\ud53d\uc740 \ud601\uc2e0\uacfc \ucca8\ub2e8 \uce58\uacfc \uc704\uc0dd \uae30\uc220\ub85c \uc778\uc815\ubc1b\ub294 \uad6c\uac15 \uad00\ub9ac \uc194\ub8e8\uc158\uc758 \uc120\ub3c4\uc801\uc778 \ube0c\ub79c\ub4dc\uc785\ub2c8\ub2e4.<\/strong>. \uad6c\uac15 \uad00\ub9ac \uc5c5\uacc4\uc5d0\uc11c \ud3ed\ub113\uc740 \uacbd\ud5d8\uc744 \uc313\uc740 Aquapick\uc740 \ud6a8\uacfc\uc801\uc778 \uc138\uc815\uc744 \ubcf4\uc7a5\ud558\uace0 \ucd5c\uc801\uc758 \uad6c\uac15 \uac74\uac15\uc744 \uc99d\uc9c4\ud558\ub294 \uace0\ud488\uc9c8 \uc81c\ud488\uc744 \uc81c\uacf5\ud558\uae30 \uc704\ud574 \ucd5c\uc120\uc744 \ub2e4\ud558\uace0 \uc788\uc2b5\ub2c8\ub2e4.<\/p>\n\n\n\n<p class=\"has-primary-color has-text-color\"><strong>\uc544\ucfe0\uc544\ud53d \uc81c\ud488\uc758 \uc8fc\uc694 \uae30\ub2a5<\/strong><\/p>\n\n\n\n<p>- \ub9e5\ub3d9\uc2dd \uad6c\uac15 \uc138\uc815\uae30: \ubd84\ub2f9 \ucd5c\ub300 1,400\ud68c\uc758 \ub9e5\ub3d9 \uc138\ucc99 \uc2dc\uc2a4\ud15c\uc73c\ub85c \uc74c\uc2dd\ubb3c \ucc0c\uaebc\uae30\uc640 \ud50c\ub77c\uadf8\ub97c \ud6a8\uacfc\uc801\uc73c\ub85c \uc81c\uac70\ud558\uc5ec \uc644\ubcbd\ud55c \uad6c\uac15 \uc704\uc0dd\uc744 \ubcf4\uc7a5\ud558\ub294 Aquapick\uc758 \ub9e5\ub3d9\uc2dd \uc138\uc815 \uc2dc\uc2a4\ud15c\uc785\ub2c8\ub2e4.<\/p>\n\n\n\n<p>- \ub2e4\uc591\ud55c \uccad\uc18c \ubaa8\ub4dc: Aquapick \uc81c\ud488\uc5d0\ub294 \ub2e4\uc591\ud55c \uccad\uc18c \ubaa8\ub4dc\uac00 \ud0d1\uc7ac\ub418\uc5b4 \uc788\uc5b4 \uc0ac\uc6a9\uc790\ub294 \uc790\uc2e0\uc758 \ud544\uc694\uc5d0 \ub530\ub77c \uccad\uc18c \ud658\uacbd\uc744 \ub9de\ucda4 \uc124\uc815\ud560 \uc218 \uc788\uc2b5\ub2c8\ub2e4.<\/p>\n\n\n\n<p>- \ubb34\uc120 \ucda9\uc804 \ubc29\uc2dd: Aquapick\uc740 \ube44\uc811\ucd09\uc2dd \ucda9\uc804 \ubc29\uc2dd\uc744 \ucc44\ud0dd\ud558\uc5ec \uc704\uc0dd\uacfc \uc0ac\uc6a9 \ud3b8\uc758\uc131\uc744 \ud55c\uce35 \ub354 \ub192\uc5ec \ud56d\uc0c1 \uae30\uae30\ub97c \uc0ac\uc6a9\ud560 \uc218 \uc788\ub3c4\ub85d \ud569\ub2c8\ub2e4.<\/p>\n\n\n\n<p>- \uc778\uccb4\uacf5\ud559\uc801 \ub514\uc790\uc778: \ubaa8\ub4e0 Aquapick \uc81c\ud488\uc740 \uc0ac\uc6a9 \uc2dc \ucd5c\ub300\ud55c\uc758 \ud3b8\uc548\ud568\uc744 \uc81c\uacf5\ud558\ub3c4\ub85d \uc778\uccb4\uacf5\ud559\uc801\uc73c\ub85c \uc124\uacc4\ub418\uc5b4 \ucf8c\uc801\ud558\uace0 \ud6a8\uc728\uc801\uc778 \uad6c\uac15 \uad00\ub9ac \uacbd\ud5d8\uc744 \ubcf4\uc7a5\ud569\ub2c8\ub2e4.<\/p>\n\n\n\n<p>- \uc778\uae30 \ubaa8\ub378\ub85c\ub294 \uc548\uc815\uc801\uc778 \uc131\ub2a5\uacfc \uace0\uae09 \uae30\ub2a5\uc73c\ub85c \uc720\uba85\ud55c AQ-230, AQ-102, AQ-350\uc774 \uc788\uc2b5\ub2c8\ub2e4.<strong>\uc544\ucfe0\uc544\ud53d\uc740 \uc6b0\uc218\ud55c \uad6c\uac15 \uc138\uc815\ub825\uacfc \ub192\uc740 \uc218\uc900\uc758 \uc704\uc0dd\uc744 \uc6d0\ud558\ub294 \uc0ac\ub78c\ub4e4\uc5d0\uac8c \uc2e0\ub8b0\ubc1b\ub294 \ube0c\ub79c\ub4dc\uc785\ub2c8\ub2e4.<\/strong>. \ucca8\ub2e8 \ud601\uc2e0 \uae30\uc220\uc744 \uac16\ucd98 Aquapick\uc740 \uc0ac\uc6a9\uc790\uc758 \ub2e4\uc591\ud55c \uad6c\uac15 \uc704\uc0dd \uc694\uad6c \uc0ac\ud56d\uc744 \ucda9\uc871\ud558\ub294 \ub2e4\uc591\ud55c \uc81c\ud488\uc744 \uc81c\uacf5\ud569\ub2c8\ub2e4.<\/p>\n\n\n\n<ul class=\"wp-block-list has-primary-color has-text-color\">\n<li><strong><a href=\"https:\/\/onemd.ro\/wp-content\/uploads\/2024\/06\/Ghid-Aquapick-Irigator-bucal-portabil-AQ-205.pdf\" target=\"_blank\" rel=\"noopener\" title=\"\">\uac00\uc774\ub4dc-\uc544\ucfe0\uc544\ud53d-\uc544\ucfe0\uc544\ud53d \ud734\ub300\uc6a9 \uad6c\uac15 \uc138\uc815\uae30 AQ-205<\/a><\/strong><\/li>\n\n\n\n<li><strong><a href=\"https:\/\/onemd.ro\/wp-content\/uploads\/2024\/06\/Ghid-Aquapick-Irigator-bucal-portabil-AQ-230.pdf\" target=\"_blank\" rel=\"noopener\" title=\"\">\uac00\uc774\ub4dc-\uc544\ucfe0\uc544\ud53d-\uc544\ucfe0\uc544\ud53d \ud734\ub300\uc6a9 \uad6c\uac15\uc138\uc815\uae30 AQ-230<\/a><\/strong><\/li>\n\n\n\n<li><strong><a href=\"https:\/\/onemd.ro\/wp-content\/uploads\/2024\/06\/Ghid-Aquapick-Irigator-bucal-portabil-AQ-240.pdf\" target=\"_blank\" rel=\"noopener\" title=\"\">\uac00\uc774\ub4dc-\uc544\ucfe0\uc544\ud53d-\uc544\ucfe0\uc544\ud53d \ud734\ub300\uc6a9 \uad6c\uac15\uc138\uc815\uae30 AQ-240<\/a><\/strong><\/li>\n\n\n\n<li><strong><a href=\"https:\/\/onemd.ro\/wp-content\/uploads\/2024\/06\/Ghid-Aquapick-Irigator-bucal-profesional-AQ-350.pdf\" target=\"_blank\" rel=\"noopener\" title=\"\">\uac00\uc774\ub4dc-\uc544\ucfe0\uc544\ud53d \ud504\ub85c\ud398\uc154\ub110 AQ-350 \uad6c\uac15\uc138\uc815\uae30<\/a><\/strong><\/li>\n\n\n\n<li><strong><a href=\"https:\/\/onemd.ro\/wp-content\/uploads\/2024\/06\/Ghid-Aquapick-Periuta-de-dinti-sonica-electrica-AQ_102.pdf\" target=\"_blank\" rel=\"noopener\" title=\"\">\uac00\uc774\ub4dc-\uc544\ucfe0\uc544\ud53d \uc804\ub3d9 \uc74c\ud30c\uce6b\uc194 AQ_102<\/a><\/strong><\/li>\n\n\n\n<li><strong><a href=\"https:\/\/onemd.ro\/wp-content\/uploads\/2024\/11\/Ghid-Aquapick-Irigator-bucal-AQ-207.pdf\" target=\"_blank\" rel=\"noopener\" title=\"\">\uac00\uc774\ub4dc-\uc544\ucfe0\uc544\ud53d \uad6c\uac15\uc138\uc815\uae30 AQ-207<\/a><\/strong><\/li>\n<\/ul>\n\n\n\n<hr class=\"wp-block-separator aligncenter has-alpha-channel-opacity\"\/>\n\n\n\n<p class=\"has-text-align-center\"><strong>\uacf5\uc2dd \uc544\ucfe0\uc544\ud53d \ud30c\ud2b8\ub108 \uc2a4\ud1a0\uc5b4\uc5d0\uc11c \uc628\ub77c\uc778\uc73c\ub85c \uc544\ucfe0\uc544\ud53d \uc81c\ud488\uc744 \uc8fc\ubb38\ud558\uc138\uc694:<\/strong><\/p>\n\n\n\n<div class=\"wp-block-group has-large-font-size is-layout-grid wp-container-core-group-is-layout-6be84c55 wp-block-group-is-layout-grid\">\n<figure class=\"wp-block-image size-medium\"><a href=\"https:\/\/sole.ro\/brand\/aquapick\" target=\"_blank\" rel=\" noreferrer noopener\"><img decoding=\"async\" width=\"300\" height=\"150\" src=\"https:\/\/onemd.ro\/wp-content\/uploads\/2021\/07\/f6-2-300x150.jpg\" alt=\"sole.ro\" class=\"wp-image-297\" srcset=\"https:\/\/onemd.ro\/wp-content\/uploads\/2021\/07\/f6-2-300x150.jpg 300w, https:\/\/onemd.ro\/wp-content\/uploads\/2021\/07\/f6-2-16x8.jpg 16w, https:\/\/onemd.ro\/wp-content\/uploads\/2021\/07\/f6-2.jpg 600w\" sizes=\"(max-width: 300px) 100vw, 300px\" \/><\/a><\/figure>\n<\/div>","protected":false},"excerpt":{"rendered":"<p>Aquapick este un brand de v\u00e2rf \u00een solu\u021biile de \u00eengrijire oral\u0103, recunoscut pentru inova\u021bia \u0219i tehnologia avansat\u0103 \u00een domeniul igienei dentare. Cu o experien\u021b\u0103 vast\u0103 \u00een industria oral\u0103, Aquapick se angajeaz\u0103 s\u0103 ofere produse de \u00eenalt\u0103 calitate, care s\u0103 asigure o cur\u0103\u021benie eficient\u0103 \u0219i s\u0103 promoveze s\u0103n\u0103tatea oral\u0103 optim\u0103. Caracteristici cheie ale produselor Aquapick &#8211; [&hellip;]<\/p>","protected":false},"author":1,"featured_media":0,"parent":0,"menu_order":0,"comment_status":"closed","ping_status":"closed","template":"","meta":{"footnotes":""},"class_list":["post-755","page","type-page","status-publish","hentry"],"aioseo_notices":[],"_links":{"self":[{"href":"https:\/\/onemd.ro\/ko\/wp-json\/wp\/v2\/pages\/755","targetHints":{"allow":["GET"]}}],"collection":[{"href":"https:\/\/onemd.ro\/ko\/wp-json\/wp\/v2\/pages"}],"about":[{"href":"https:\/\/onemd.ro\/ko\/wp-json\/wp\/v2\/types\/page"}],"author":[{"embeddable":true,"href":"https:\/\/onemd.ro\/ko\/wp-json\/wp\/v2\/users\/1"}],"replies":[{"embeddable":true,"href":"https:\/\/onemd.ro\/ko\/wp-json\/wp\/v2\/comments?post=755"}],"version-history":[{"count":10,"href":"https:\/\/onemd.ro\/ko\/wp-json\/wp\/v2\/pages\/755\/revisions"}],"predecessor-version":[{"id":1661,"href":"https:\/\/onemd.ro\/ko\/wp-json\/wp\/v2\/pages\/755\/revisions\/1661"}],"wp:attachment":[{"href":"https:\/\/onemd.ro\/ko\/wp-json\/wp\/v2\/media?parent=755"}],"curies":[{"name":"wp","href":"https:\/\/api.w.org\/{rel}","templated":true}]}}