{"id":831,"date":"2024-05-27T10:48:29","date_gmt":"2024-05-27T10:48:29","guid":{"rendered":"https:\/\/onemd.ro\/?page_id=831"},"modified":"2025-09-01T10:22:39","modified_gmt":"2025-09-01T10:22:39","slug":"muzigae","status":"publish","type":"page","link":"https:\/\/onemd.ro\/ko\/muzigae\/","title":{"rendered":"\ubb34\uc9c0\uac1c"},"content":{"rendered":"<div class=\"wp-block-image\">\n<figure class=\"aligncenter size-medium\"><img decoding=\"async\" width=\"300\" height=\"150\" src=\"https:\/\/onemd.ro\/wp-content\/uploads\/2024\/05\/muzigae-mansion-300x150.jpg\" alt=\"\ubb34\uc9c0\uac1c\" class=\"wp-image-803\" title=\"\ubb34\uc9c0\uac1c\" srcset=\"https:\/\/onemd.ro\/wp-content\/uploads\/2024\/05\/muzigae-mansion-300x150.jpg 300w, https:\/\/onemd.ro\/wp-content\/uploads\/2024\/05\/muzigae-mansion-1024x512.jpg 1024w, https:\/\/onemd.ro\/wp-content\/uploads\/2024\/05\/muzigae-mansion-768x384.jpg 768w, https:\/\/onemd.ro\/wp-content\/uploads\/2024\/05\/muzigae-mansion-18x9.jpg 18w, https:\/\/onemd.ro\/wp-content\/uploads\/2024\/05\/muzigae-mansion.jpg 1058w\" sizes=\"(max-width: 300px) 100vw, 300px\" \/><\/figure><\/div>\n\n\n<p><strong>\ubb34\uc9c0\uac1c\ub294 \uc2a4\ud0a8\ucf00\uc5b4 \uc5c5\uacc4\uc5d0\uc11c \ub5a0\uc624\ub974\ub294 \ube0c\ub79c\ub4dc\ub85c, \ud601\uc2e0\uc801\uc778 \uc811\uadfc \ubc29\uc2dd\uacfc \uc81c\ud488\uc5d0 \uc0ac\uc6a9\ub418\ub294 \uc790\uc5f0\uc801\uc774\uace0 \ud6a8\uacfc\uc801\uc778 \uc131\ubd84\uc73c\ub85c \uc720\uba85\ud569\ub2c8\ub2e4.<\/strong>. \ubb34\uc9c0\uac1c \uc81c\ud488\uc740 \ud53c\ubd80 \ubcf8\uc5f0\uc758 \uac74\uac15\uacfc \uc544\ub984\ub2e4\uc6c0\uc744 \uc99d\uc9c4\ud558\ub294 \uace0\uae09\uc2a4\ub7fd\uace0 \ub9cc\uc871\uc2a4\ub7ec\uc6b4 \uc2a4\ud0a8\ucf00\uc5b4 \uacbd\ud5d8\uc744 \uc81c\uacf5\ud558\ub3c4\ub85d \uc124\uacc4\ub418\uc5c8\uc2b5\ub2c8\ub2e4.<\/p>\n\n\n\n<p><strong>\ubb34\uc9c0\uac1c \uc8fc\uc694 \uc81c\ud488<\/strong><\/p>\n\n\n\n<p>&#8211; <strong>\ucc9c\uc5f0 \ucd94\ucd9c\ubb3c\uc774 \ud568\uc720\ub41c \ud398\uc774\uc2a4 \uc138\ub7fc<\/strong>\ud56d\uc0b0\ud654\uc81c\uc640 \ud544\uc218 \uc601\uc591\uc18c\uac00 \ud48d\ubd80\ud55c \ub18d\ucd95 \ud3ec\ubbac\ub7ec\uac00 \ud53c\ubd80\uc5d0 \uc601\uc591\uc744 \uacf5\uae09\ud558\uace0 \ud65c\ub825\uc744 \ubd80\uc5ec\ud558\uc5ec \ub9d1\uace0 \ud658\ud55c \ud53c\ubd80\ub85c \uac00\uafb8\uc5b4 \uc90d\ub2c8\ub2e4.<\/p>\n\n\n\n<p>- C<strong>\ubcf4\uc2b5 \ubc0f \uc5d0\ubab0\ub9ac\uc5b8\ud2b8 \ub808\uba54\uc2a4<\/strong>\ud06c\ub9bc \ud3ec\ubbac\ub7ec\uac00 \uac74\uc870\ud568\uacfc \uc678\ubd80 \uc2a4\ud2b8\ub808\uc2a4 \uc694\uc778\uc73c\ub85c\ubd80\ud130 \ud53c\ubd80\ub97c \ucd09\ucd09\ud558\uace0 \ubcf4\ud638\ud558\uc5ec \ubca8\ubcb3\ucc98\ub7fc \ubd80\ub4dc\ub7fd\uace0 \ub9e4\ub044\ub7ec\uc6b4 \ud53c\ubd80\ub85c \uac00\uafd4\uc90d\ub2c8\ub2e4.<\/p>\n\n\n\n<p>&#8211; <strong>\ud65c\ub825\uc744 \ub418\ucc3e\uc544\uc8fc\ub294 \uc548\uba74 \ub9c8\uc2a4\ud06c<\/strong>\uc2dd\ubb3c \ucd94\ucd9c\ubb3c\uacfc \ucc9c\uc5f0 \uc131\ubd84\uc774 \ud48d\ubd80\ud558\uac8c \ud568\uc720\ub418\uc5b4 \ud53c\ubd80\uc5d0 \uc601\uc591\uc744 \uacf5\uae09\ud558\uace0 \uc7ac\uc0dd\uc2dc\ucf1c \ud65c\ub825\uacfc \uc790\uc5f0\uc2a4\ub7ec\uc6b4 \uad11\ucc44\ub97c \ub418\ucc3e\uc544\uc8fc\ub294 \ub9c8\uc2a4\ud06c\uc785\ub2c8\ub2e4.<\/p>\n\n\n\n<p>&#8211; <strong>\ubc14\ub514 \ucf00\uc5b4 \uc81c\ud488<\/strong>\uc81c\ud488 \ud2b9\uc9d5 : \ubcf4\uc2b5 \ub85c\uc158\uacfc \ubc14\ub514 \uc624\uc77c\ubd80\ud130 \uc785\uc695\uc81c\uc640 \uc2a4\ud06c\ub7fd\uae4c\uc9c0, \ubb34\uc9c0\uac1c \uc81c\ud488\uad70\uc740 \uc804\uc2e0\uc744 \uac00\uafb8\uace0 \uad00\ub9ac\ud560 \uc218 \uc788\ub294 \uace0\ud488\uc9c8\uc758 \uc81c\ud488\uc744 \uc81c\uacf5\ud569\ub2c8\ub2e4.<\/p>\n\n\n\n<p>&#8211; <strong>\ud5e4\uc5b4 \ucf00\uc5b4 \uc81c\ud488<\/strong>\ubd80\ub4dc\ub7ec\uc6b4 \uc0f4\ud478\uc640 \ucee8\ub514\uc154\ub108\ub85c \ubaa8\ubc1c\uc744 \uae68\ub057\ud558\uac8c \ud558\uace0 \uc218\ubd84\uc744 \uacf5\uae09\ud558\uc5ec \uc724\uae30 \uc788\uace0 \uc0dd\uae30 \uc788\ub294 \uba38\ub9bf\uacb0\ub85c \uac00\uafb8\uc5b4 \uc90d\ub2c8\ub2e4.<\/p>\n\n\n\n<p><strong>\ubb34\uc9c0\uac1c \uc81c\ud488\uc740 \uc6b0\uc218\ud55c \ud488\uc9c8\uacfc \ud53c\ubd80\uc5d0 \uc120\uc0ac\ud558\ub294 \ud655\uc2e4\ud55c \ud6a8\ub2a5\uc73c\ub85c \uc778\uc815\ubc1b\uace0 \uc788\uc2b5\ub2c8\ub2e4.<\/strong>. \uc774 \ube0c\ub79c\ub4dc\ub294 \uc790\uc5f0\uc2a4\ub7fd\uace0 \uac74\uac15\ud55c \uc544\ub984\ub2e4\uc6c0\uc744 \uc99d\uc9c4\ud558\ub294 \ud504\ub9ac\ubbf8\uc5c4 \uc2a4\ud0a8\ucf00\uc5b4 \uc194\ub8e8\uc158\uc744 \uc81c\uacf5\ud558\uae30 \uc704\ud574 \ucd5c\uc120\uc744 \ub2e4\ud558\uace0 \uc788\uc2b5\ub2c8\ub2e4.<\/p>\n\n\n\n<hr class=\"wp-block-separator aligncenter has-alpha-channel-opacity\"\/>\n\n\n\n<p class=\"has-text-align-center\"><strong>\uc628\ub77c\uc778 \uc81c\ud488 \uc8fc\ubb38 <strong>\ubb34\uc9c0\uac1c \uc800\ud0dd<\/strong> \uacf5\uc2dd \ud30c\ud2b8\ub108 \uc0c1\uc810\uc5d0\uc11c \uad6c\uc785\ud558\uc138\uc694:<\/strong><\/p>\n\n\n\n<div class=\"wp-block-group has-large-font-size is-layout-grid wp-container-core-group-is-layout-6be84c55 wp-block-group-is-layout-grid\">\n<figure class=\"wp-block-image size-medium\"><a href=\"https:\/\/sole.ro\/brand\/muzigae-mansion\" target=\"_blank\" rel=\" noreferrer noopener\"><img decoding=\"async\" width=\"300\" height=\"150\" src=\"https:\/\/onemd.ro\/wp-content\/uploads\/2021\/07\/f6-2-300x150.jpg\" alt=\"sole.ro\" class=\"wp-image-297\" srcset=\"https:\/\/onemd.ro\/wp-content\/uploads\/2021\/07\/f6-2-300x150.jpg 300w, https:\/\/onemd.ro\/wp-content\/uploads\/2021\/07\/f6-2-16x8.jpg 16w, https:\/\/onemd.ro\/wp-content\/uploads\/2021\/07\/f6-2.jpg 600w\" sizes=\"(max-width: 300px) 100vw, 300px\" \/><\/a><\/figure>\n<\/div>","protected":false},"excerpt":{"rendered":"<p>Muzigae este un brand emergent \u00een industria produselor de \u00eengrijire a pielii, cunoscut pentru abordarea sa inovatoare \u0219i pentru ingredientele naturale \u0219i eficiente utilizate \u00een produsele sale. Produsele Muzigae sunt create pentru a oferi o experien\u021b\u0103 de \u00eengrijire luxuriant\u0103 \u0219i pl\u0103cut\u0103, promov\u00e2nd s\u0103n\u0103tatea \u0219i frumuse\u021bea natural\u0103 a pielii. Produse cheie Muzigae &#8211; Seruri de fa\u021b\u0103 [&hellip;]<\/p>","protected":false},"author":1,"featured_media":0,"parent":0,"menu_order":0,"comment_status":"closed","ping_status":"closed","template":"","meta":{"footnotes":""},"class_list":["post-831","page","type-page","status-publish","hentry"],"aioseo_notices":[],"_links":{"self":[{"href":"https:\/\/onemd.ro\/ko\/wp-json\/wp\/v2\/pages\/831","targetHints":{"allow":["GET"]}}],"collection":[{"href":"https:\/\/onemd.ro\/ko\/wp-json\/wp\/v2\/pages"}],"about":[{"href":"https:\/\/onemd.ro\/ko\/wp-json\/wp\/v2\/types\/page"}],"author":[{"embeddable":true,"href":"https:\/\/onemd.ro\/ko\/wp-json\/wp\/v2\/users\/1"}],"replies":[{"embeddable":true,"href":"https:\/\/onemd.ro\/ko\/wp-json\/wp\/v2\/comments?post=831"}],"version-history":[{"count":3,"href":"https:\/\/onemd.ro\/ko\/wp-json\/wp\/v2\/pages\/831\/revisions"}],"predecessor-version":[{"id":1679,"href":"https:\/\/onemd.ro\/ko\/wp-json\/wp\/v2\/pages\/831\/revisions\/1679"}],"wp:attachment":[{"href":"https:\/\/onemd.ro\/ko\/wp-json\/wp\/v2\/media?parent=831"}],"curies":[{"name":"wp","href":"https:\/\/api.w.org\/{rel}","templated":true}]}}