{"id":833,"date":"2024-05-27T10:49:37","date_gmt":"2024-05-27T10:49:37","guid":{"rendered":"https:\/\/onemd.ro\/?page_id=833"},"modified":"2025-09-09T11:55:54","modified_gmt":"2025-09-09T11:55:54","slug":"numbuzin","status":"publish","type":"page","link":"https:\/\/onemd.ro\/ko\/numbuzin\/","title":{"rendered":"\ub214\ubd80\uc9c4"},"content":{"rendered":"<div class=\"wp-block-image\">\n<figure class=\"aligncenter size-medium\"><img decoding=\"async\" width=\"300\" height=\"150\" src=\"https:\/\/onemd.ro\/wp-content\/uploads\/2024\/05\/numbuzin-300x150.jpg\" alt=\"\ub214\ubd80\uc9c4\" class=\"wp-image-802\" title=\"\ub214\ubd80\uc9c4\" srcset=\"https:\/\/onemd.ro\/wp-content\/uploads\/2024\/05\/numbuzin-300x150.jpg 300w, https:\/\/onemd.ro\/wp-content\/uploads\/2024\/05\/numbuzin-1024x512.jpg 1024w, https:\/\/onemd.ro\/wp-content\/uploads\/2024\/05\/numbuzin-768x384.jpg 768w, https:\/\/onemd.ro\/wp-content\/uploads\/2024\/05\/numbuzin-18x9.jpg 18w, https:\/\/onemd.ro\/wp-content\/uploads\/2024\/05\/numbuzin.jpg 1058w\" sizes=\"(max-width: 300px) 100vw, 300px\" \/><\/figure><\/div>\n\n\n<p><strong>\ub214\ubd80\uc9c4\uc740 \ud6a8\uacfc\uc801\uc778 \uc194\ub8e8\uc158\uacfc \uace0\ud488\uc9c8 \uc131\ubd84\uc73c\ub85c \uc778\uc815\ubc1b\ub294 \ud601\uc2e0\uc801\uc778 \uc2a4\ud0a8\ucf00\uc5b4 \ube0c\ub79c\ub4dc\uc785\ub2c8\ub2e4.<\/strong>. \ub214\ubd80\uc9c4 \uc81c\ud488\uc740 \ub2e4\uc591\ud55c \ud53c\ubd80 \uc694\uad6c\uc640 \ubb38\uc81c\ub97c \ud574\uacb0\ud558\uc5ec \uc804\ubb38\uc801\uc774\uace0 \ucf8c\uc801\ud55c \ud53c\ubd80 \uad00\ub9ac\ub97c \uc81c\uacf5\ud558\ub3c4\ub85d \uc124\uacc4\ub418\uc5c8\uc2b5\ub2c8\ub2e4.<\/p>\n\n\n\n<p class=\"has-primary-color has-text-color has-link-color wp-elements-0e5629329cd06cb9336aaca8ff9e19b4\"><strong>\ub214\ubd80\uc9c4 \uc8fc\uc694 \uc81c\ud488<\/strong><\/p>\n\n\n\n<p>&#8211; <strong>\uc9c4\ud1b5\uc81c \ucfe8\ub9c1 \ud06c\ub9bc<\/strong>\uadfc\uc721\uacfc \uad00\uc808\uc758 \ubd88\ud3b8\ud568\uacfc \ud1b5\uc99d\uc744 \ube60\ub974\uac8c \uc644\ud654\ud558\ub294 \ub3d9\uc2dc\uc5d0 \uae30\ubd84 \uc88b\uc740 \uc2dc\uc6d0\ud568\uacfc \uc0c1\ucf8c\ud55c \ub290\ub08c\uc744 \uc8fc\ub294 \ud3ec\ubbac\ub7ec\uc785\ub2c8\ub2e4.<\/p>\n\n\n\n<p>&#8211; <strong>\ud53c\ubd80 \ubcf4\uc2b5 \ub85c\uc158<\/strong>\ubcf4\uc2b5 \ubc0f \uc644\ud654 \uc131\ubd84\uc774 \ud568\uc720\ub418\uc5b4 \ud53c\ubd80\uc5d0 \uc601\uc591\uc744 \uacf5\uae09\ud558\uace0 \uac74\uc870\ud568\uacfc \uc790\uadf9\uc73c\ub85c\ubd80\ud130 \ud53c\ubd80\ub97c \ubcf4\ud638\ud558\uc5ec \ubd80\ub4dc\ub7fd\uace0 \ubca8\ubcb3\ucc98\ub7fc \ubd80\ub4dc\ub7ec\uc6b4 \ud53c\ubd80\ub85c \uac00\uafb8\uc5b4 \uc90d\ub2c8\ub2e4.<\/p>\n\n\n\n<p>&#8211; <strong>\ud14c\ub77c\ud53c \ub9c8\uc0ac\uc9c0 \uc824<\/strong>\ud2b9\uc9d5 : \ud53c\ubd80\uc640 \uadfc\uc721\uc744 \uc774\uc644\uc2dc\ud0a4\uace0 \ud65c\ub825\uc744 \ubd88\uc5b4\ub123\ub294 \ub3d9\uc2dc\uc5d0 \ucf8c\uc801\ud55c \ucfe8\ub9c1\uac10\uacfc \ud3b8\uc548\ud568\uc744 \uc120\uc0ac\ud558\ub294 \uc824\uc785\ub2c8\ub2e4.<\/p>\n\n\n\n<p>&#8211; <strong>\ubc1c \uad00\ub9ac \uc81c\ud488<\/strong>\uac74\uc870\ud568, \uac08\ub77c\uc9d0, \ubd88\ucf8c\ud55c \ub0c4\uc0c8\uc640 \uac19\uc740 \ud2b9\uc815 \ud53c\ubd80 \ubb38\uc81c\ub97c \uce58\ub8cc\ud558\uace0 \uc608\ubc29\ud558\uae30 \uc704\ud574 \uace0\uc548\ub41c \ud3ec\ubbac\ub7ec\uc785\ub2c8\ub2e4.<\/p>\n\n\n\n<p>&#8211; <strong>\ud3b8\uc548\ud568\uacfc \ud65c\ub825\uc744 \uc704\ud55c \uc2a4\ud504\ub808\uc774<\/strong>: \uc989\uac01\uc801\uc778 \uc0c1\ucf8c\ud568\uacfc \ud65c\ub825\uc744 \uc120\uc0ac\ud558\ub294 \uc2a4\ud504\ub808\uc774\ub85c \uaca9\ub82c\ud55c \ud65c\ub3d9 \ud6c4\ub098 \ub354\uc6b4 \uc5ec\ub984\ub0a0 \uc0ac\uc6a9\ud558\uae30\uc5d0 \uc774\uc0c1\uc801\uc785\ub2c8\ub2e4.<\/p>\n\n\n\n<p><strong>\ub214\ubd80\uc9c4 \uc81c\ud488\uc740 \uadf8 \ud6a8\uacfc\uc640 \ud53c\ubd80\uc5d0 \uc989\uac01\uc801\uc778 \ud61c\ud0dd\uc744 \uc81c\uacf5\ud558\ub294 \uac83\uc73c\ub85c \uc778\uc815\ubc1b\uace0 \uc788\uc2b5\ub2c8\ub2e4.<\/strong>. \uc774 \ube0c\ub79c\ub4dc\ub294 \uac74\uac15\ud558\uace0 \ud65c\ub825 \uc788\ub294 \ud53c\ubd80\ub97c \uc704\ud55c \ud601\uc2e0\uc801\uc774\uace0 \uc990\uac70\uc6b4 \uc2a4\ud0a8\ucf00\uc5b4 \uc194\ub8e8\uc158\uc744 \uc81c\uacf5\ud558\uae30 \uc704\ud574 \ucd5c\uc120\uc744 \ub2e4\ud558\uace0 \uc788\uc2b5\ub2c8\ub2e4.<\/p>\n\n\n\n<hr class=\"wp-block-separator aligncenter has-alpha-channel-opacity\"\/>\n\n\n\n<p class=\"has-text-align-center\"><strong>\uc628\ub77c\uc778 \uc81c\ud488 \uc8fc\ubb38 <strong>\ub214\ubd80\uc9c4<\/strong> \uacf5\uc2dd \ud30c\ud2b8\ub108 \uc0c1\uc810\uc5d0\uc11c \uad6c\uc785\ud558\uc138\uc694:<\/strong><\/p>\n\n\n\n<div class=\"wp-block-group has-large-font-size is-layout-grid wp-container-core-group-is-layout-6be84c55 wp-block-group-is-layout-grid\">\n<figure class=\"wp-block-image size-medium\"><a href=\"https:\/\/sole.ro\/brand\/numbuzin\" target=\"_blank\" rel=\" noreferrer noopener\"><img decoding=\"async\" width=\"300\" height=\"150\" src=\"https:\/\/onemd.ro\/wp-content\/uploads\/2021\/07\/f6-2-300x150.jpg\" alt=\"sole.ro\" class=\"wp-image-297\" srcset=\"https:\/\/onemd.ro\/wp-content\/uploads\/2021\/07\/f6-2-300x150.jpg 300w, https:\/\/onemd.ro\/wp-content\/uploads\/2021\/07\/f6-2-16x8.jpg 16w, https:\/\/onemd.ro\/wp-content\/uploads\/2021\/07\/f6-2.jpg 600w\" sizes=\"(max-width: 300px) 100vw, 300px\" \/><\/a><\/figure>\n\n\n\n<figure class=\"wp-block-image size-medium\"><a href=\"https:\/\/comenzi.farmaciatei.ro\/brand\/numbuzin\" target=\"_blank\" rel=\" noreferrer noopener\"><img decoding=\"async\" width=\"300\" height=\"150\" src=\"https:\/\/onemd.ro\/wp-content\/uploads\/2021\/07\/f1-1-300x150.jpg\" alt=\"\ud14c\uc774 \uc57d\uad6d \uacf5\uc2dd \ud30c\ud2b8\ub108 \uc0f5\" class=\"wp-image-301\" srcset=\"https:\/\/onemd.ro\/wp-content\/uploads\/2021\/07\/f1-1-300x150.jpg 300w, https:\/\/onemd.ro\/wp-content\/uploads\/2021\/07\/f1-1-16x8.jpg 16w, https:\/\/onemd.ro\/wp-content\/uploads\/2021\/07\/f1-1.jpg 600w\" sizes=\"(max-width: 300px) 100vw, 300px\" \/><\/a><\/figure>\n\n\n\n<figure class=\"wp-block-image size-medium\"><a href=\"https:\/\/comenzi.bebetei.ro\/brand\/numbuzin\" target=\"_blank\" rel=\" noreferrer noopener\"><img loading=\"lazy\" decoding=\"async\" width=\"300\" height=\"150\" src=\"https:\/\/onemd.ro\/wp-content\/uploads\/2021\/07\/f4-300x150.jpg\" alt=\"\ubca0\ubca0\ud14c\uc774 \uacf5\uc2dd \ud30c\ud2b8\ub108 \uc0f5\" class=\"wp-image-292\" srcset=\"https:\/\/onemd.ro\/wp-content\/uploads\/2021\/07\/f4-300x150.jpg 300w, https:\/\/onemd.ro\/wp-content\/uploads\/2021\/07\/f4-16x8.jpg 16w, https:\/\/onemd.ro\/wp-content\/uploads\/2021\/07\/f4.jpg 600w\" sizes=\"(max-width: 300px) 100vw, 300px\" \/><\/a><\/figure>\n<\/div>","protected":false},"excerpt":{"rendered":"<p>Numbuzin este un brand inovator \u00een domeniul produselor de \u00eengrijire a pielii, recunoscut pentru solu\u021biile sale eficiente \u0219i ingrediente de \u00eenalt\u0103 calitate. Produsele Numbuzin sunt create pentru a oferi o \u00eengrijire specializat\u0103 \u0219i pl\u0103cut\u0103 a pielii, adres\u00e2nd diverse nevoi \u0219i probleme ale acesteia. Produse cheie Numbuzin &#8211; Creme analgezice cu efect de r\u0103cire: Formule concepute [&hellip;]<\/p>","protected":false},"author":1,"featured_media":0,"parent":0,"menu_order":0,"comment_status":"closed","ping_status":"closed","template":"","meta":{"footnotes":""},"class_list":["post-833","page","type-page","status-publish","hentry"],"aioseo_notices":[],"_links":{"self":[{"href":"https:\/\/onemd.ro\/ko\/wp-json\/wp\/v2\/pages\/833","targetHints":{"allow":["GET"]}}],"collection":[{"href":"https:\/\/onemd.ro\/ko\/wp-json\/wp\/v2\/pages"}],"about":[{"href":"https:\/\/onemd.ro\/ko\/wp-json\/wp\/v2\/types\/page"}],"author":[{"embeddable":true,"href":"https:\/\/onemd.ro\/ko\/wp-json\/wp\/v2\/users\/1"}],"replies":[{"embeddable":true,"href":"https:\/\/onemd.ro\/ko\/wp-json\/wp\/v2\/comments?post=833"}],"version-history":[{"count":4,"href":"https:\/\/onemd.ro\/ko\/wp-json\/wp\/v2\/pages\/833\/revisions"}],"predecessor-version":[{"id":1799,"href":"https:\/\/onemd.ro\/ko\/wp-json\/wp\/v2\/pages\/833\/revisions\/1799"}],"wp:attachment":[{"href":"https:\/\/onemd.ro\/ko\/wp-json\/wp\/v2\/media?parent=833"}],"curies":[{"name":"wp","href":"https:\/\/api.w.org\/{rel}","templated":true}]}}