{"id":908,"date":"2024-05-30T13:40:26","date_gmt":"2024-05-30T13:40:26","guid":{"rendered":"https:\/\/onemd.ro\/?page_id=908"},"modified":"2025-09-01T12:12:55","modified_gmt":"2025-09-01T12:12:55","slug":"abib","status":"publish","type":"page","link":"https:\/\/onemd.ro\/ko\/abib\/","title":{"rendered":"Abib"},"content":{"rendered":"<div class=\"wp-block-image\">\n<figure class=\"aligncenter size-medium\"><img decoding=\"async\" width=\"300\" height=\"150\" src=\"https:\/\/onemd.ro\/wp-content\/uploads\/2024\/05\/abib-300x150.jpg\" alt=\"\" class=\"wp-image-906\" srcset=\"https:\/\/onemd.ro\/wp-content\/uploads\/2024\/05\/abib-300x150.jpg 300w, https:\/\/onemd.ro\/wp-content\/uploads\/2024\/05\/abib-1024x512.jpg 1024w, https:\/\/onemd.ro\/wp-content\/uploads\/2024\/05\/abib-768x384.jpg 768w, https:\/\/onemd.ro\/wp-content\/uploads\/2024\/05\/abib-18x9.jpg 18w, https:\/\/onemd.ro\/wp-content\/uploads\/2024\/05\/abib.jpg 1058w\" sizes=\"(max-width: 300px) 100vw, 300px\" \/><\/figure><\/div>\n\n\n<p>\uc544\ube44\ube0c\ub294 2017\ub144\uc5d0 \uc124\ub9bd\ub41c \ud55c\uad6d\uc758 \uc2a4\ud0a8\ucf00\uc5b4 \ud68c\uc0ac\ub85c \uc548\uc804\ud558\uace0 \ud6a8\uacfc\uc801\uc778 \ucc9c\uc5f0 \ubc0f \ube44\uac74 \uc81c\ud488\uc744 \ub9cc\ub4dc\ub294 \ub370 \uc8fc\ub825\ud558\uace0 \uc788\uc2b5\ub2c8\ub2e4. \uc544\ube44\ube0c\ub294 \uc5c4\uc120\ub41c \ucc9c\uc5f0 \uc131\ubd84\uc73c\ub85c \ub9cc\ub4e0 \ud601\uc2e0\uc801\uc778 \uc81c\ud488\uc73c\ub85c \ub2e4\uc591\ud55c \ud53c\ubd80 \uace0\ubbfc\uc5d0 \ud6a8\uacfc\uc801\uc778 \uc194\ub8e8\uc158\uc744 \uc81c\uacf5\ud558\uba70 \ube60\ub974\uac8c \uc778\uae30\ub97c \uc5bb\uace0 \uc788\uc2b5\ub2c8\ub2e4.<\/p>\n\n\n\n<p class=\"has-primary-color has-text-color has-link-color wp-elements-a16d171ab64a13951fe3c7fb4fd3bcfc\"><strong>\uc8fc\uc694 \uc81c\ud488 Abib:<\/strong><\/p>\n\n\n\n<ul class=\"wp-block-list\">\n<li><strong>\uc544\ube44\ube0c \ud558\ud2b8\ub9ac\ud504 \uc5d0\uc13c\uc2a4 \uce74\ubc0d \ud38c\ud504:<\/strong> \ubbfc\uac10\ud558\uac70\ub098 \uc790\uadf9\ubc1b\uc740 \ud53c\ubd80\uc5d0 \uc801\ud569\ud55c \uc9c4\uc815 \ubc0f \ubcf4\uc2b5 \uc5d0\uc13c\uc2a4\uc785\ub2c8\ub2e4.<\/li>\n\n\n\n<li><strong>\uc544\ube44\ube0c \uad6c\ubbf8 \uc2dc\ud2b8 \uc2dc\ud2b8 \ub9c8\uc2a4\ud06c<\/strong> \ud53c\ubd80\ub97c \ubd80\ub4dc\ub7fd\uace0 \uc720\uc5f0\ud558\uac8c \uac00\uafd4\uc8fc\ub294 \uc601\uc591 \ubc0f \ubcf4\uc2b5 \uc2dc\ud2b8 \ub9c8\uc2a4\ud06c\uc785\ub2c8\ub2e4.<\/li>\n\n\n\n<li><strong>\uc544\ube44\ube0c \ud558\uc774\ub4dc\ub85c \ud29c\ube0c \uc824 \ud06c\ub9bc:<\/strong> \uc9c0\uc131 \ub610\ub294 \ubcf5\ud569\uc131 \ud53c\ubd80\uc5d0 \uc801\ud569\ud55c \uac00\ubccd\uace0 \uc0b0\ub73b\ud55c \ubaa8\uc774\uc2a4\ucc98\ub77c\uc774\uc800\uc785\ub2c8\ub2e4.<\/li>\n\n\n\n<li><strong>\uc544\ube44\ube0c \ub370\uc77c\ub9ac \uc120\ud06c\ub9bc SPF50+ PA++++:<\/strong> \uc720\ud574\ud55c \uc790\uc678\uc120\uc73c\ub85c\ubd80\ud130 \ud53c\ubd80\ub97c \ubcf4\ud638\ud558\ub294 \uad11\ubc94\uc704 \uc790\uc678\uc120 \ucc28\ub2e8\uc81c\uc785\ub2c8\ub2e4.<\/li>\n\n\n\n<li><strong>\uc544\ube44\ube0c \ub9c8\uc77c\ub4dc \uc560\uc2dc\ub4dc pH \uc2dc\ud2b8 \ub9c8\uc2a4\ud06c:<\/strong> \uac01\uc9c8\uc744 \uc81c\uac70\ud558\uace0 \ud53c\ubd80 \uacb0\uc744 \uac1c\uc120\ud558\ub294 \ub370 \ub3c4\uc6c0\uc774 \ub418\ub294 \ubd80\ub4dc\ub7ec\uc6b4 \uac01\uc9c8 \uc81c\uac70 \uc2dc\ud2b8 \ub9c8\uc2a4\ud06c\uc785\ub2c8\ub2e4.<\/li>\n<\/ul>\n\n\n\n<p>\ucc9c\uc5f0, \ube44\uac74, \ud6a8\uacfc\uc801\uc774\uace0 \ud569\ub9ac\uc801\uc778 \uac00\uaca9\uc758 \uc2a4\ud0a8\ucf00\uc5b4 \uc81c\ud488\uc744 \ucc3e\uace0 \uacc4\uc2e0\ub2e4\uba74 Abib\uc740 \uace0\ub824\ud560 \ub9cc\ud55c \ud6cc\ub96d\ud55c \ube0c\ub79c\ub4dc\uc785\ub2c8\ub2e4.<\/p>\n\n\n\n<hr class=\"wp-block-separator aligncenter has-alpha-channel-opacity\"\/>\n\n\n\n<p class=\"has-text-align-center\"><strong>\uc628\ub77c\uc778 \uc81c\ud488 \uc8fc\ubb38 <strong>Abib<\/strong> \uacf5\uc2dd \ud30c\ud2b8\ub108 \uc0c1\uc810\uc5d0\uc11c \uad6c\uc785\ud558\uc138\uc694:<\/strong><\/p>\n\n\n\n<div class=\"wp-block-group has-large-font-size is-layout-grid wp-container-core-group-is-layout-6be84c55 wp-block-group-is-layout-grid\">\n<figure class=\"wp-block-image size-medium\"><a href=\"https:\/\/sole.ro\/brand\/abib\" target=\"_blank\" rel=\" noreferrer noopener\"><img decoding=\"async\" width=\"300\" height=\"150\" src=\"https:\/\/onemd.ro\/wp-content\/uploads\/2021\/07\/f6-2-300x150.jpg\" alt=\"sole.ro\" class=\"wp-image-297\" srcset=\"https:\/\/onemd.ro\/wp-content\/uploads\/2021\/07\/f6-2-300x150.jpg 300w, https:\/\/onemd.ro\/wp-content\/uploads\/2021\/07\/f6-2-16x8.jpg 16w, https:\/\/onemd.ro\/wp-content\/uploads\/2021\/07\/f6-2.jpg 600w\" sizes=\"(max-width: 300px) 100vw, 300px\" \/><\/a><\/figure>\n<\/div>","protected":false},"excerpt":{"rendered":"<p>Abib este o companie coreean\u0103 de ingrijire a pielii fondat\u0103 \u00een 2017, care se concentreaz\u0103 pe crearea de produse naturale \u0219i vegane, sigure \u0219i eficiente. Abib a c\u00e2\u0219tigat rapid popularitate pentru produsele sale inovatoare, formulate cu ingrediente naturale atent selectate, oferind solu\u021bii eficiente pentru o varietate de probleme ale pielii. Produse cheie Abib: Daca sunteti [&hellip;]<\/p>\n","protected":false},"author":1,"featured_media":0,"parent":0,"menu_order":0,"comment_status":"closed","ping_status":"closed","template":"","meta":{"footnotes":""},"class_list":["post-908","page","type-page","status-publish","hentry"],"aioseo_notices":[],"_links":{"self":[{"href":"https:\/\/onemd.ro\/ko\/wp-json\/wp\/v2\/pages\/908","targetHints":{"allow":["GET"]}}],"collection":[{"href":"https:\/\/onemd.ro\/ko\/wp-json\/wp\/v2\/pages"}],"about":[{"href":"https:\/\/onemd.ro\/ko\/wp-json\/wp\/v2\/types\/page"}],"author":[{"embeddable":true,"href":"https:\/\/onemd.ro\/ko\/wp-json\/wp\/v2\/users\/1"}],"replies":[{"embeddable":true,"href":"https:\/\/onemd.ro\/ko\/wp-json\/wp\/v2\/comments?post=908"}],"version-history":[{"count":4,"href":"https:\/\/onemd.ro\/ko\/wp-json\/wp\/v2\/pages\/908\/revisions"}],"predecessor-version":[{"id":1715,"href":"https:\/\/onemd.ro\/ko\/wp-json\/wp\/v2\/pages\/908\/revisions\/1715"}],"wp:attachment":[{"href":"https:\/\/onemd.ro\/ko\/wp-json\/wp\/v2\/media?parent=908"}],"curies":[{"name":"wp","href":"https:\/\/api.w.org\/{rel}","templated":true}]}}