{"id":941,"date":"2024-06-12T12:40:32","date_gmt":"2024-06-12T12:40:32","guid":{"rendered":"https:\/\/onemd.ro\/?page_id=941"},"modified":"2025-08-29T10:28:43","modified_gmt":"2025-08-29T10:28:43","slug":"b-fresh","status":"publish","type":"page","link":"https:\/\/onemd.ro\/ko\/b-fresh\/","title":{"rendered":"B.Fresh"},"content":{"rendered":"<div class=\"wp-block-image\">\n<figure class=\"aligncenter size-medium\"><img decoding=\"async\" width=\"300\" height=\"150\" src=\"https:\/\/onemd.ro\/wp-content\/uploads\/2024\/05\/bfresh-300x150.jpg\" alt=\"bfresh\" class=\"wp-image-797\" srcset=\"https:\/\/onemd.ro\/wp-content\/uploads\/2024\/05\/bfresh-300x150.jpg 300w, https:\/\/onemd.ro\/wp-content\/uploads\/2024\/05\/bfresh-1024x512.jpg 1024w, https:\/\/onemd.ro\/wp-content\/uploads\/2024\/05\/bfresh-768x384.jpg 768w, https:\/\/onemd.ro\/wp-content\/uploads\/2024\/05\/bfresh-18x9.jpg 18w, https:\/\/onemd.ro\/wp-content\/uploads\/2024\/05\/bfresh.jpg 1058w\" sizes=\"(max-width: 300px) 100vw, 300px\" \/><\/figure><\/div>\n\n\n<p><strong>B.Fresh<\/strong> \ub294 \ub2e4\uc74c\uacfc \uac19\uc774 \uc2a4\uc2a4\ub85c\ub97c \ud64d\ubcf4\ud558\ub294 \ubc14\ub514 \ucf00\uc5b4 \uc81c\ud488 \ube0c\ub79c\ub4dc\uc785\ub2c8\ub2e4. <strong>\"\ubc14\ub514 \ucf00\uc5b4\ub294 \ub2e4\ub974\uac8c\"<\/strong>.<\/p>\n\n\n\n<p><strong>b.fresh\uc758 \ucc28\ubcc4\uc810\uc740 \ubb34\uc5c7\uc778\uac00\uc694?<\/strong><\/p>\n\n\n\n<ul class=\"wp-block-list\">\n<li><strong>\ucc9c\uc5f0 \uc131\ubd84:<\/strong> b.fresh \uc81c\ud488\uc740 \ud5c8\ube0c\uc640 \ubbf8\ub124\ub784\uc744 \ud3ec\ud568\ud55c \uace0\ud488\uc9c8 \ucc9c\uc5f0 \uc7ac\ub8cc\ub85c \ub9cc\ub4e4\uc5b4\uc9d1\ub2c8\ub2e4.<\/li>\n\n\n\n<li><strong>\uc720\ud574\ud55c \ud654\ud559\ubb3c\uc9c8\uc774 \uc5c6\uc2b5\ub2c8\ub2e4:<\/strong> \uc774 \uc81c\ud488\uc5d0\ub294 \ud53c\ubd80\uc5d0 \ud574\ub85c\uc6b8 \uc218 \uc788\ub294 \uc54c\ub8e8\ubbf8\ub284, \uc54c\ucf54\uc62c \ub610\ub294 \uae30\ud0c0 \uc720\ud574\ud55c \ud654\ud559 \ubb3c\uc9c8\uc774 \ud3ec\ud568\ub418\uc5b4 \uc788\uc9c0 \uc54a\uc2b5\ub2c8\ub2e4.<\/li>\n\n\n\n<li><strong>\ube44\uac74 \ucc44\uc2dd \ubc0f \ub3d9\ubb3c \uc2e4\ud5d8 \uae08\uc9c0:<\/strong> b.fresh \uc81c\ud488\uc740 \ub3d9\ubb3c \uc2e4\ud5d8\uc744 \ud558\uc9c0 \uc54a\uc73c\uba70 \ub3d9\ubb3c\uc131 \uc131\ubd84\uc744 \ud3ec\ud568\ud558\uc9c0 \uc54a\uc2b5\ub2c8\ub2e4.<\/li>\n\n\n\n<li><strong>\uae68\ub057\ud55c \ud5a5\uae30:<\/strong> \uc774 \uc81c\ud488\uc740 \ubd80\ub2f4\uc2a4\ub7fd\uc9c0 \uc54a\uc740 \uae30\ubd84 \uc88b\uc740 \ucc9c\uc5f0 \ud5a5\uc744 \uac00\uc9c0\uace0 \uc788\uc2b5\ub2c8\ub2e4.<\/li>\n<\/ul>\n\n\n\n<p><\/p>\n\n\n\n<p><strong>B.fresh\ub294 \uc790\uc5f0\uc2a4\ub7fd\uace0 \ud6a8\uacfc\uc801\uc774\uba70 \ud569\ub9ac\uc801\uc778 \uac00\uaca9\uc758 \ubc14\ub514 \ucf00\uc5b4 \uc81c\ud488\uc744 \ucc3e\ub294 \ubd84\ub4e4\uc5d0\uac8c \uc88b\uc740 \uc120\ud0dd\uc785\ub2c8\ub2e4.<\/strong><\/p>\n\n\n\n<p class=\"has-primary-color has-text-color\">b.fresh\uc758 \ub2e4\uc591\ud55c \uc778\uae30 \uc0c1\ud488 \uc911 \uac00\uc7a5 \uc778\uae30 \uc788\ub294 \uba87 \uac00\uc9c0\ub97c \uc18c\uac1c\ud569\ub2c8\ub2e4:<\/p>\n\n\n\n<ul class=\"wp-block-list\">\n<li><strong>B.\ud504\ub808\uc26c \ub0b4\ucd94\ub7f4 \ub370\uc624\ub3c4\ub780\ud2b8 \uc2a4\ud2f1<\/strong> \ubca0\uc774\ud0b9 \uc18c\ub2e4, \uc625\uc218\uc218 \uc804\ubd84, \ud2f0\ud2b8\ub9ac \uc624\uc77c \ub4f1 \ucc9c\uc5f0 \uc131\ubd84\uc73c\ub85c \ub9cc\ub4e0 \ub370\uc624\ub3c4\ub780\ud2b8\ub85c \ub0c4\uc0c8\ub97c \uc911\ud654\uc2dc\ud0a4\uace0 \ud53c\ubd80\ub97c \uac74\uc870\ud558\uace0 \uc0c1\ucf8c\ud558\uac8c \uc720\uc9c0\ud574\uc90d\ub2c8\ub2e4. \ub77c\ubca4\ub354, \uc2dc\ud2b8\ub7ec\uc2a4 &amp; \uc138\uc774\uc9c0, \ucf54\ucf54\ub11b &amp; \ubc14\ub2d0\ub77c \ub4f1 \ub2e4\uc591\ud55c \ud5a5\uc73c\ub85c \uc81c\uacf5\ub429\ub2c8\ub2e4.<\/li>\n\n\n\n<li><strong>B. \uc218\ubc15\uacfc \uc624\uc774\uac00 \ub4e4\uc5b4\uac04 \uc2e0\uc120\ud55c \uc0e4\uc6cc \uc824:<\/strong> \uc218\ubc15\uacfc \uc624\uc774 \ucd94\ucd9c\ubb3c\uc774 \ud568\uc720\ub41c \ubcf4\uc2b5 \uc0e4\uc6cc \uc824\ub85c \ud53c\ubd80\uc5d0 \uc218\ubd84\uc744 \uacf5\uae09\ud558\uace0 \uc9c4\uc815\uc2dc\ucf1c \uc90d\ub2c8\ub2e4. \uc0c1\ud07c\ud558\uace0 \uc0c1\ucf8c\ud55c \ud5a5\uc73c\ub85c \ud65c\ub825\uc744 \ubd88\uc5b4\ub123\uc5b4 \uc90d\ub2c8\ub2e4.<\/li>\n\n\n\n<li><strong>B. \uc2dc\uc5b4\ubc84\ud130\uac00 \ud568\uc720\ub41c \ud504\ub808\uc2dc \ubc14\ub514 \ub85c\uc158:<\/strong> \uc2dc\uc5b4\ubc84\ud130\uac00 \ud568\uc720\ub41c \ud48d\ubd80\ud55c \ubcf4\uc2b5 \ubc14\ub514 \ub85c\uc158\uc73c\ub85c \ud53c\ubd80\uc5d0 \uc601\uc591\uacfc \uc218\ubd84\uc744 \uacf5\uae09\ud569\ub2c8\ub2e4. \uac74\uc870\ud558\uac70\ub098 \uac01\uc9c8\uc774 \uc77c\uc5b4\ub098\ub294 \ud53c\ubd80\uc5d0 \uc801\ud569\ud569\ub2c8\ub2e4.<\/li>\n\n\n\n<li><strong>B.\ud504\ub808\uc2dc \ubbfc\ud2b8 \ub9bd \uc138\ub7fc:<\/strong> \uc774 \uc218\ubd84 \uacf5\uae09 \ub9bd \uc138\ub7fc\uc740 \ud398\ud37c\ubbfc\ud2b8 \uc624\uc77c\uc774 \ud568\uc720\ub418\uc5b4 \uac74\uc870\ud558\uace0 \uac08\ub77c\uc9c4 \uc785\uc220\uc744 \uc9c4\uc815\uc2dc\ud0a4\uace0 \uc218\ubd84\uc744 \uacf5\uae09\ud569\ub2c8\ub2e4. \uc0c1\ucf8c\ud55c \ubbfc\ud2b8 \ud5a5\uc774 \uc785\uc220\uc744 \uc0c1\ucf8c\ud558\uace0 \ud65c\uae30\ucc28\uac8c \ub9cc\ub4e4\uc5b4 \uc90d\ub2c8\ub2e4.<\/li>\n\n\n\n<li><strong>\ube44\ud504\ub808\uc26c \uad7f \ud5e4\uc5b4 \ub370\uc774 \uc5d0\ube0c\ub9ac\ub370\uc774 \ucee8\ub514\uc154\ub108:<\/strong> \uc774 \ucee8\ub514\uc154\ub108\ub294 \ubaa8\ubc1c\uc744 \ubd80\ub4dc\ub7fd\uace0 \ub9e4\ub044\ub7fd\uace0 \uad00\ub9ac\ud558\uae30 \uc27d\ub3c4\ub85d \ub9e4\uc77c \uc0ac\uc6a9\ud558\ub3c4\ub85d \uc124\uacc4\ub418\uc5c8\uc2b5\ub2c8\ub2e4. \ucf54\ucf54\ub11b \uc624\uc77c\uacfc \uc2dc\uc5b4 \ubc84\ud130\ub97c \ud3ec\ud568\ud55c \ucc9c\uc5f0 \uc131\ubd84\uc73c\ub85c \ub9cc\ub4e4\uc5b4\uc838 \ubaa8\ubc1c\uc5d0 \ubcf4\uc2b5\uacfc \uc601\uc591\uc744 \uacf5\uae09\ud569\ub2c8\ub2e4.<\/li>\n<\/ul>\n\n\n\n<p>\uc774 \uc81c\ud488\ub4e4\uc740 b.fresh\uc758 \uc218\ub9ce\uc740 \ud6cc\ub96d\ud55c \uc81c\ud488 \uc911 \uc77c\ubd80\uc5d0 \ubd88\uacfc\ud569\ub2c8\ub2e4. \ucc9c\uc5f0 \uc131\ubd84\uc744 \uc0ac\uc6a9\ud558\uace0 \ud6a8\uacfc\uc801\uc774\uace0 \ud569\ub9ac\uc801\uc778 \uac00\uaca9\uc758 \uc81c\ud488\uc744 \ub9cc\ub4e4\uae30 \uc704\ud574 \ub178\ub825\ud558\ub294 b.fresh\ub294 \uace0\ud488\uc9c8\uc758 \ud37c\uc2a4\ub110 \ucf00\uc5b4 \uc81c\ud488\uc744 \ucc3e\ub294 \ubaa8\ub4e0 \uc0ac\ub78c\uc5d0\uac8c \ud6cc\ub96d\ud55c \uc120\ud0dd\uc9c0\uc785\ub2c8\ub2e4.<\/p>\n\n\n\n<hr class=\"wp-block-separator aligncenter has-alpha-channel-opacity\"\/>\n\n\n\n<p class=\"has-text-align-center\"><strong>\uc628\ub77c\uc778 \uc81c\ud488 \uc8fc\ubb38 <strong>B.Fresh<\/strong> \uacf5\uc2dd \ud30c\ud2b8\ub108 \uc0c1\uc810\uc5d0\uc11c \uad6c\uc785\ud558\uc138\uc694:<\/strong><\/p>\n\n\n\n<div class=\"wp-block-group has-large-font-size is-layout-grid wp-container-core-group-is-layout-6be84c55 wp-block-group-is-layout-grid\">\n<figure class=\"wp-block-image size-medium\"><a href=\"https:\/\/sole.ro\/brand\/b-fresh\" target=\"_blank\" rel=\" noreferrer noopener\"><img decoding=\"async\" width=\"300\" height=\"150\" src=\"https:\/\/onemd.ro\/wp-content\/uploads\/2021\/07\/f6-2-300x150.jpg\" alt=\"sole.ro\" class=\"wp-image-297\" srcset=\"https:\/\/onemd.ro\/wp-content\/uploads\/2021\/07\/f6-2-300x150.jpg 300w, https:\/\/onemd.ro\/wp-content\/uploads\/2021\/07\/f6-2-16x8.jpg 16w, https:\/\/onemd.ro\/wp-content\/uploads\/2021\/07\/f6-2.jpg 600w\" sizes=\"(max-width: 300px) 100vw, 300px\" \/><\/a><\/figure>\n<\/div>","protected":false},"excerpt":{"rendered":"<p>B.Fresh este un brand de produse de \u00eengrijire a corpului care se promoveaz\u0103 ca fiind &#8222;\u00eengrijire a corpului f\u0103cut\u0103 diferit&#8221;. Ce face b.fresh diferit? B.fresh este o op\u021biune excelent\u0103 pentru cei care caut\u0103 produse de \u00eengrijire a corpului naturale, eficiente \u0219i accesibile. Dintre numeroasele produse b.fresh apreciate, iat\u0103 c\u00e2teva dintre cele mai populare: Acestea sunt [&hellip;]<\/p>","protected":false},"author":1,"featured_media":0,"parent":0,"menu_order":0,"comment_status":"closed","ping_status":"closed","template":"","meta":{"footnotes":""},"class_list":["post-941","page","type-page","status-publish","hentry"],"aioseo_notices":[],"_links":{"self":[{"href":"https:\/\/onemd.ro\/ko\/wp-json\/wp\/v2\/pages\/941","targetHints":{"allow":["GET"]}}],"collection":[{"href":"https:\/\/onemd.ro\/ko\/wp-json\/wp\/v2\/pages"}],"about":[{"href":"https:\/\/onemd.ro\/ko\/wp-json\/wp\/v2\/types\/page"}],"author":[{"embeddable":true,"href":"https:\/\/onemd.ro\/ko\/wp-json\/wp\/v2\/users\/1"}],"replies":[{"embeddable":true,"href":"https:\/\/onemd.ro\/ko\/wp-json\/wp\/v2\/comments?post=941"}],"version-history":[{"count":2,"href":"https:\/\/onemd.ro\/ko\/wp-json\/wp\/v2\/pages\/941\/revisions"}],"predecessor-version":[{"id":1670,"href":"https:\/\/onemd.ro\/ko\/wp-json\/wp\/v2\/pages\/941\/revisions\/1670"}],"wp:attachment":[{"href":"https:\/\/onemd.ro\/ko\/wp-json\/wp\/v2\/media?parent=941"}],"curies":[{"name":"wp","href":"https:\/\/api.w.org\/{rel}","templated":true}]}}